{"id":1934,"date":"2023-07-20T10:43:57","date_gmt":"2023-07-20T07:43:57","guid":{"rendered":"https:\/\/portbosphorushotel.com\/?page_id=1934"},"modified":"2025-06-18T17:33:39","modified_gmt":"2025-06-18T14:33:39","slug":"oda-servisi","status":"publish","type":"page","link":"https:\/\/portbosphorushotel.com\/tr\/oda-servisi\/","title":{"rendered":"Oda Servisi"},"content":{"rendered":"<div class=\"container vc_container   \" ><div class=\"vc_row wpb_row vc_row-fluid\"><div class=\"wpb_column vc_column_container vc_col-sm-12\">\n    <div class=\"vc_column-inner \">\n        <div class=\"wpb_wrapper\">\n            \n\t<div class=\"wpb_text_column wpb_content_element \" >\n\t\t<div class=\"wpb_wrapper\">\n\t\t\t<h2 style=\"text-align: center; font-size: 33px;\">ODA SERV\u0130S\u0130<\/h2>\n<p style=\"text-align: center;\">Otelimizin konforlu odalar\u0131nda tatilin keyfini \u00e7\u0131kart\u0131rken, 7 g\u00fcn 24 saat boyunca kesintisiz oda servis hizmetimiz arac\u0131l\u0131\u011f\u0131 ile, d\u00fcnya mutfa\u011f\u0131 ve T\u00fcrk mutfa\u011f\u0131ndan se\u00e7me lezzetler, Alkoll\u00fc ve Alkols\u00fcz i\u00e7ecekler ile tatil deneyiminizi bir \u00fcst seviyeye \u00e7\u0131kartabilirsiniz.<\/p>\n\n\t\t<\/div>\n\t<\/div>\n\n                <div class=\"stm_images_gallery_with_categories stm_images_gallery_with_categories_style_1  \"\n                     data-size=\"350x240\"\n                     data-number=\"9\">\n                    <div class=\"stm-images__categories\">\n                        <ul class=\"list-unstyled\">\n                                                            <li class=\"stm-images__category\" role=\"presentation\">\n                                    <a href=\"#Allphotos\"\n                                       class=\"mbdc\"\n                                       aria-controls=\"Allphotos\"\n                                       role=\"tab\"\n                                       data-toggle=\"tab\">\n                                         All photos                                    <\/a>\n                                <\/li>\n                                                                <li class=\"stm-images__category\" role=\"presentation\">\n                                    <a href=\"#General\"\n                                       class=\"mbdc\"\n                                       aria-controls=\"General\"\n                                       role=\"tab\"\n                                       data-toggle=\"tab\">\n                                         General                                    <\/a>\n                                <\/li>\n                                                        <\/ul>\n                    <\/div>\n                    <div class=\"stm-images__tabs tab-content\">\n                                                        <div role=\"tabpanel\"\n                                     class=\"tab-pane stm-images__tab fade active in\"\n                                     id=\"Allphotos\"\n                                     data-load-more=\"true\"\n                                     data-page=\"1\"\n                                     data-images='2041,2040,2046,2047,2048,2049'>\n                                    <div class=\"stm-images__container stm_lightgallery\">\n\n                                    <\/div>\n                                                                        <div class=\"stm-preloader mbc\"><\/div>\n                                <\/div>\n\n\n                                                            <div role=\"tabpanel\"\n                                     class=\"tab-pane stm-images__tab fade\"\n                                     id=\"General\"\n                                     data-load-more=\"true\"\n                                     data-page=\"1\"\n                                     data-images='2041,2040,2046,2047,2048,2049'>\n                                    <div class=\"stm-images__container stm_lightgallery\">\n\n                                    <\/div>\n                                                                        <div class=\"stm-preloader mbc\"><\/div>\n                                <\/div>\n\n\n                                                <\/div>\n                <\/div>\n                    <\/div>\n    <\/div>\n<\/div><\/div><\/div>\n","protected":false},"excerpt":{"rendered":"ODA SERV\u0130S\u0130 Otelimizin konforlu odalar\u0131nda tatilin keyfini \u00e7\u0131kart\u0131rken, 7 g\u00fcn 24 saat boyunca kesintisiz oda servis hizmetimiz arac\u0131l\u0131\u011f\u0131 ile, d\u00fcnya mutfa\u011f\u0131 ve T\u00fcrk mutfa\u011f\u0131ndan se\u00e7me lezzetler, Alkoll\u00fc ve Alkols\u00fcz i\u00e7ecekler ile tatil deneyiminizi bir \u00fcst seviyeye \u00e7\u0131kartabilirsiniz. All photos General","protected":false},"author":4,"featured_media":0,"parent":0,"menu_order":0,"comment_status":"closed","ping_status":"closed","template":"","meta":{"footnotes":""},"class_list":["post-1934","page","type-page","status-publish","hentry"],"yoast_head":"<!-- This site is optimized with the Yoast SEO plugin v27.3 - https:\/\/yoast.com\/product\/yoast-seo-wordpress\/ -->\n<title>Oda Servisi - Port Bosphorus Hotel<\/title>\n<meta name=\"description\" content=\"Room service is a type of service usually offered in accommodation facilities such as hotels, resorts, and guesthouses. Guests staying at Port Bosphorus Hotel can order food, beverages, and other services from their rooms without having to visit common areas like the restaurant or caf\u00e9. Room service is typically available 24 hours a day or during specific time periods.\" \/>\n<meta name=\"robots\" content=\"index, follow, max-snippet:-1, max-image-preview:large, max-video-preview:-1\" \/>\n<link rel=\"canonical\" href=\"https:\/\/portbosphorushotel.com\/tr\/oda-servisi\/\" \/>\n<meta property=\"og:locale\" content=\"tr_TR\" \/>\n<meta property=\"og:type\" content=\"article\" \/>\n<meta property=\"og:title\" content=\"Oda Servisi - Port Bosphorus Hotel\" \/>\n<meta property=\"og:description\" content=\"Room service is a type of service usually offered in accommodation facilities such as hotels, resorts, and guesthouses. Guests staying at Port Bosphorus Hotel can order food, beverages, and other services from their rooms without having to visit common areas like the restaurant or caf\u00e9. Room service is typically available 24 hours a day or during specific time periods.\" \/>\n<meta property=\"og:url\" content=\"https:\/\/portbosphorushotel.com\/tr\/oda-servisi\/\" \/>\n<meta property=\"og:site_name\" content=\"Port Bosphorus Hotel\" \/>\n<meta property=\"article:publisher\" content=\"https:\/\/www.facebook.com\/portbosphorushotel\" \/>\n<meta property=\"article:modified_time\" content=\"2025-06-18T14:33:39+00:00\" \/>\n<meta name=\"twitter:card\" content=\"summary_large_image\" \/>\n<meta name=\"twitter:site\" content=\"@portbosphorus\" \/>\n<meta name=\"twitter:label1\" content=\"Tahmini okuma s\u00fcresi\" \/>\n\t<meta name=\"twitter:data1\" content=\"1 dakika\" \/>\n<script type=\"application\/ld+json\" class=\"yoast-schema-graph\">{\"@context\":\"https:\\\/\\\/schema.org\",\"@graph\":[{\"@type\":\"WebPage\",\"@id\":\"https:\\\/\\\/portbosphorushotel.com\\\/oda-servisi\\\/\",\"url\":\"https:\\\/\\\/portbosphorushotel.com\\\/oda-servisi\\\/\",\"name\":\"Oda Servisi - Port Bosphorus Hotel\",\"isPartOf\":{\"@id\":\"https:\\\/\\\/portbosphorushotel.com\\\/tr\\\/#website\"},\"datePublished\":\"2023-07-20T07:43:57+00:00\",\"dateModified\":\"2025-06-18T14:33:39+00:00\",\"description\":\"Room service is a type of service usually offered in accommodation facilities such as hotels, resorts, and guesthouses. Guests staying at Port Bosphorus Hotel can order food, beverages, and other services from their rooms without having to visit common areas like the restaurant or caf\u00e9. Room service is typically available 24 hours a day or during specific time periods.\",\"breadcrumb\":{\"@id\":\"https:\\\/\\\/portbosphorushotel.com\\\/oda-servisi\\\/#breadcrumb\"},\"inLanguage\":\"tr\",\"potentialAction\":[{\"@type\":\"ReadAction\",\"target\":[\"https:\\\/\\\/portbosphorushotel.com\\\/oda-servisi\\\/\"]}]},{\"@type\":\"BreadcrumbList\",\"@id\":\"https:\\\/\\\/portbosphorushotel.com\\\/oda-servisi\\\/#breadcrumb\",\"itemListElement\":[{\"@type\":\"ListItem\",\"position\":1,\"name\":\"Anasayfa\",\"item\":\"https:\\\/\\\/portbosphorushotel.com\\\/tr\\\/\"},{\"@type\":\"ListItem\",\"position\":2,\"name\":\"Oda Servisi\"}]},{\"@type\":\"WebSite\",\"@id\":\"https:\\\/\\\/portbosphorushotel.com\\\/tr\\\/#website\",\"url\":\"https:\\\/\\\/portbosphorushotel.com\\\/tr\\\/\",\"name\":\"Port Bosphorus Hotel\",\"description\":\"\",\"publisher\":{\"@id\":\"https:\\\/\\\/portbosphorushotel.com\\\/tr\\\/#organization\"},\"potentialAction\":[{\"@type\":\"SearchAction\",\"target\":{\"@type\":\"EntryPoint\",\"urlTemplate\":\"https:\\\/\\\/portbosphorushotel.com\\\/tr\\\/?s={search_term_string}\"},\"query-input\":{\"@type\":\"PropertyValueSpecification\",\"valueRequired\":true,\"valueName\":\"search_term_string\"}}],\"inLanguage\":\"tr\"},{\"@type\":\"Organization\",\"@id\":\"https:\\\/\\\/portbosphorushotel.com\\\/tr\\\/#organization\",\"name\":\"Port Bosphorus Hotel\",\"url\":\"https:\\\/\\\/portbosphorushotel.com\\\/tr\\\/\",\"logo\":{\"@type\":\"ImageObject\",\"inLanguage\":\"tr\",\"@id\":\"https:\\\/\\\/portbosphorushotel.com\\\/tr\\\/#\\\/schema\\\/logo\\\/image\\\/\",\"url\":\"https:\\\/\\\/portbosphorushotel.com\\\/wp-content\\\/uploads\\\/2023\\\/10\\\/cropped-p.png\",\"contentUrl\":\"https:\\\/\\\/portbosphorushotel.com\\\/wp-content\\\/uploads\\\/2023\\\/10\\\/cropped-p.png\",\"width\":512,\"height\":512,\"caption\":\"Port Bosphorus Hotel\"},\"image\":{\"@id\":\"https:\\\/\\\/portbosphorushotel.com\\\/tr\\\/#\\\/schema\\\/logo\\\/image\\\/\"},\"sameAs\":[\"https:\\\/\\\/www.facebook.com\\\/portbosphorushotel\",\"https:\\\/\\\/x.com\\\/portbosphorus\",\"https:\\\/\\\/www.instagram.com\\\/portbosphorushotel\\\/\"]}]}<\/script>\n<!-- \/ Yoast SEO plugin. -->","yoast_head_json":{"title":"Oda Servisi - Port Bosphorus Hotel","description":"Room service is a type of service usually offered in accommodation facilities such as hotels, resorts, and guesthouses. Guests staying at Port Bosphorus Hotel can order food, beverages, and other services from their rooms without having to visit common areas like the restaurant or caf\u00e9. Room service is typically available 24 hours a day or during specific time periods.","robots":{"index":"index","follow":"follow","max-snippet":"max-snippet:-1","max-image-preview":"max-image-preview:large","max-video-preview":"max-video-preview:-1"},"canonical":"https:\/\/portbosphorushotel.com\/tr\/oda-servisi\/","og_locale":"tr_TR","og_type":"article","og_title":"Oda Servisi - Port Bosphorus Hotel","og_description":"Room service is a type of service usually offered in accommodation facilities such as hotels, resorts, and guesthouses. Guests staying at Port Bosphorus Hotel can order food, beverages, and other services from their rooms without having to visit common areas like the restaurant or caf\u00e9. Room service is typically available 24 hours a day or during specific time periods.","og_url":"https:\/\/portbosphorushotel.com\/tr\/oda-servisi\/","og_site_name":"Port Bosphorus Hotel","article_publisher":"https:\/\/www.facebook.com\/portbosphorushotel","article_modified_time":"2025-06-18T14:33:39+00:00","twitter_card":"summary_large_image","twitter_site":"@portbosphorus","twitter_misc":{"Tahmini okuma s\u00fcresi":"1 dakika"},"schema":{"@context":"https:\/\/schema.org","@graph":[{"@type":"WebPage","@id":"https:\/\/portbosphorushotel.com\/oda-servisi\/","url":"https:\/\/portbosphorushotel.com\/oda-servisi\/","name":"Oda Servisi - Port Bosphorus Hotel","isPartOf":{"@id":"https:\/\/portbosphorushotel.com\/tr\/#website"},"datePublished":"2023-07-20T07:43:57+00:00","dateModified":"2025-06-18T14:33:39+00:00","description":"Room service is a type of service usually offered in accommodation facilities such as hotels, resorts, and guesthouses. Guests staying at Port Bosphorus Hotel can order food, beverages, and other services from their rooms without having to visit common areas like the restaurant or caf\u00e9. Room service is typically available 24 hours a day or during specific time periods.","breadcrumb":{"@id":"https:\/\/portbosphorushotel.com\/oda-servisi\/#breadcrumb"},"inLanguage":"tr","potentialAction":[{"@type":"ReadAction","target":["https:\/\/portbosphorushotel.com\/oda-servisi\/"]}]},{"@type":"BreadcrumbList","@id":"https:\/\/portbosphorushotel.com\/oda-servisi\/#breadcrumb","itemListElement":[{"@type":"ListItem","position":1,"name":"Anasayfa","item":"https:\/\/portbosphorushotel.com\/tr\/"},{"@type":"ListItem","position":2,"name":"Oda Servisi"}]},{"@type":"WebSite","@id":"https:\/\/portbosphorushotel.com\/tr\/#website","url":"https:\/\/portbosphorushotel.com\/tr\/","name":"Port Bosphorus Hotel","description":"","publisher":{"@id":"https:\/\/portbosphorushotel.com\/tr\/#organization"},"potentialAction":[{"@type":"SearchAction","target":{"@type":"EntryPoint","urlTemplate":"https:\/\/portbosphorushotel.com\/tr\/?s={search_term_string}"},"query-input":{"@type":"PropertyValueSpecification","valueRequired":true,"valueName":"search_term_string"}}],"inLanguage":"tr"},{"@type":"Organization","@id":"https:\/\/portbosphorushotel.com\/tr\/#organization","name":"Port Bosphorus Hotel","url":"https:\/\/portbosphorushotel.com\/tr\/","logo":{"@type":"ImageObject","inLanguage":"tr","@id":"https:\/\/portbosphorushotel.com\/tr\/#\/schema\/logo\/image\/","url":"https:\/\/portbosphorushotel.com\/wp-content\/uploads\/2023\/10\/cropped-p.png","contentUrl":"https:\/\/portbosphorushotel.com\/wp-content\/uploads\/2023\/10\/cropped-p.png","width":512,"height":512,"caption":"Port Bosphorus Hotel"},"image":{"@id":"https:\/\/portbosphorushotel.com\/tr\/#\/schema\/logo\/image\/"},"sameAs":["https:\/\/www.facebook.com\/portbosphorushotel","https:\/\/x.com\/portbosphorus","https:\/\/www.instagram.com\/portbosphorushotel\/"]}]}},"_links":{"self":[{"href":"https:\/\/portbosphorushotel.com\/tr\/wp-json\/wp\/v2\/pages\/1934","targetHints":{"allow":["GET"]}}],"collection":[{"href":"https:\/\/portbosphorushotel.com\/tr\/wp-json\/wp\/v2\/pages"}],"about":[{"href":"https:\/\/portbosphorushotel.com\/tr\/wp-json\/wp\/v2\/types\/page"}],"author":[{"embeddable":true,"href":"https:\/\/portbosphorushotel.com\/tr\/wp-json\/wp\/v2\/users\/4"}],"replies":[{"embeddable":true,"href":"https:\/\/portbosphorushotel.com\/tr\/wp-json\/wp\/v2\/comments?post=1934"}],"version-history":[{"count":9,"href":"https:\/\/portbosphorushotel.com\/tr\/wp-json\/wp\/v2\/pages\/1934\/revisions"}],"predecessor-version":[{"id":2405,"href":"https:\/\/portbosphorushotel.com\/tr\/wp-json\/wp\/v2\/pages\/1934\/revisions\/2405"}],"wp:attachment":[{"href":"https:\/\/portbosphorushotel.com\/tr\/wp-json\/wp\/v2\/media?parent=1934"}],"curies":[{"name":"wp","href":"https:\/\/api.w.org\/{rel}","templated":true}]}}