{"id":1931,"date":"2023-07-20T10:40:56","date_gmt":"2023-07-20T07:40:56","guid":{"rendered":"https:\/\/portbosphorushotel.com\/?page_id=1931"},"modified":"2025-06-18T17:26:52","modified_gmt":"2025-06-18T14:26:52","slug":"mini-bar","status":"publish","type":"page","link":"https:\/\/portbosphorushotel.com\/tr\/mini-bar\/","title":{"rendered":"Mini Market"},"content":{"rendered":"<div class=\"container vc_container   \" ><div class=\"vc_row wpb_row vc_row-fluid\"><div class=\"wpb_column vc_column_container vc_col-sm-12\">\n    <div class=\"vc_column-inner \">\n        <div class=\"wpb_wrapper\">\n            \n\t<div class=\"wpb_text_column wpb_content_element \" >\n\t\t<div class=\"wpb_wrapper\">\n\t\t\t<h2 style=\"text-align: center;\">Mini Market<\/h2>\n<p style=\"text-align: center;\">Otel lobisinde bulunan Mini marketimiz sizlere 7\/24 \u0130\u00e7ecek ve at\u0131\u015ft\u0131rmal\u0131k lezzetlere ula\u015fma imkan\u0131 sa\u011flamaktad\u0131r.<\/p>\n\n\t\t<\/div>\n\t<\/div>\n\n\t<div  class=\"wpb_single_image wpb_content_element vc_align_left\">\n\t\t\n\t\t<figure class=\"wpb_wrapper vc_figure\">\n\t\t\t<div class=\"vc_single_image-wrapper   vc_box_border_grey\"><img fetchpriority=\"high\" decoding=\"async\" width=\"1920\" height=\"1080\" src=\"https:\/\/portbosphorushotel.com\/wp-content\/uploads\/2023\/08\/port_minimarket.jpg\" class=\"vc_single_image-img attachment-full\" alt=\"\" srcset=\"https:\/\/portbosphorushotel.com\/wp-content\/uploads\/2023\/08\/port_minimarket.jpg 1920w, https:\/\/portbosphorushotel.com\/wp-content\/uploads\/2023\/08\/port_minimarket-300x169.jpg 300w, https:\/\/portbosphorushotel.com\/wp-content\/uploads\/2023\/08\/port_minimarket-1024x576.jpg 1024w, https:\/\/portbosphorushotel.com\/wp-content\/uploads\/2023\/08\/port_minimarket-768x432.jpg 768w, https:\/\/portbosphorushotel.com\/wp-content\/uploads\/2023\/08\/port_minimarket-1536x864.jpg 1536w, https:\/\/portbosphorushotel.com\/wp-content\/uploads\/2023\/08\/port_minimarket-18x10.jpg 18w\" sizes=\"(max-width: 1920px) 100vw, 1920px\" \/><\/div>\n\t\t<\/figure>\n\t<\/div>\n        <\/div>\n    <\/div>\n<\/div><\/div><\/div>\n","protected":false},"excerpt":{"rendered":"Mini Market Otel lobisinde bulunan Mini marketimiz sizlere 7\/24 \u0130\u00e7ecek ve at\u0131\u015ft\u0131rmal\u0131k lezzetlere ula\u015fma imkan\u0131 sa\u011flamaktad\u0131r.","protected":false},"author":4,"featured_media":0,"parent":0,"menu_order":0,"comment_status":"closed","ping_status":"closed","template":"","meta":{"footnotes":""},"class_list":["post-1931","page","type-page","status-publish","hentry"],"yoast_head":"<!-- This site is optimized with the Yoast SEO plugin v27.3 - https:\/\/yoast.com\/product\/yoast-seo-wordpress\/ -->\n<title>Mini Market - Port Bosphorus Hotel<\/title>\n<meta name=\"description\" content=\"Mini Market \u2013 24\/7 Port Bosphorus Hotel Mini Market \u2013 24\/7 Snacks and Beverages\" \/>\n<meta name=\"robots\" content=\"index, follow, max-snippet:-1, max-image-preview:large, max-video-preview:-1\" \/>\n<link rel=\"canonical\" href=\"https:\/\/portbosphorushotel.com\/tr\/mini-bar\/\" \/>\n<meta property=\"og:locale\" content=\"tr_TR\" \/>\n<meta property=\"og:type\" content=\"article\" \/>\n<meta property=\"og:title\" content=\"Mini Market - Port Bosphorus Hotel\" \/>\n<meta property=\"og:description\" content=\"Mini Market \u2013 24\/7 Port Bosphorus Hotel Mini Market \u2013 24\/7 Snacks and Beverages\" \/>\n<meta property=\"og:url\" content=\"https:\/\/portbosphorushotel.com\/tr\/mini-bar\/\" \/>\n<meta property=\"og:site_name\" content=\"Port Bosphorus Hotel\" \/>\n<meta property=\"article:publisher\" content=\"https:\/\/www.facebook.com\/portbosphorushotel\" \/>\n<meta property=\"article:modified_time\" content=\"2025-06-18T14:26:52+00:00\" \/>\n<meta name=\"twitter:card\" content=\"summary_large_image\" \/>\n<meta name=\"twitter:site\" content=\"@portbosphorus\" \/>\n<meta name=\"twitter:label1\" content=\"Tahmini okuma s\u00fcresi\" \/>\n\t<meta name=\"twitter:data1\" content=\"1 dakika\" \/>\n<script type=\"application\/ld+json\" class=\"yoast-schema-graph\">{\"@context\":\"https:\\\/\\\/schema.org\",\"@graph\":[{\"@type\":\"WebPage\",\"@id\":\"https:\\\/\\\/portbosphorushotel.com\\\/mini-bar\\\/\",\"url\":\"https:\\\/\\\/portbosphorushotel.com\\\/mini-bar\\\/\",\"name\":\"Mini Market - Port Bosphorus Hotel\",\"isPartOf\":{\"@id\":\"https:\\\/\\\/portbosphorushotel.com\\\/tr\\\/#website\"},\"datePublished\":\"2023-07-20T07:40:56+00:00\",\"dateModified\":\"2025-06-18T14:26:52+00:00\",\"description\":\"Mini Market \u2013 24\\\/7 Port Bosphorus Hotel Mini Market \u2013 24\\\/7 Snacks and Beverages\",\"breadcrumb\":{\"@id\":\"https:\\\/\\\/portbosphorushotel.com\\\/mini-bar\\\/#breadcrumb\"},\"inLanguage\":\"tr\",\"potentialAction\":[{\"@type\":\"ReadAction\",\"target\":[\"https:\\\/\\\/portbosphorushotel.com\\\/mini-bar\\\/\"]}]},{\"@type\":\"BreadcrumbList\",\"@id\":\"https:\\\/\\\/portbosphorushotel.com\\\/mini-bar\\\/#breadcrumb\",\"itemListElement\":[{\"@type\":\"ListItem\",\"position\":1,\"name\":\"Anasayfa\",\"item\":\"https:\\\/\\\/portbosphorushotel.com\\\/tr\\\/\"},{\"@type\":\"ListItem\",\"position\":2,\"name\":\"Mini Market\"}]},{\"@type\":\"WebSite\",\"@id\":\"https:\\\/\\\/portbosphorushotel.com\\\/tr\\\/#website\",\"url\":\"https:\\\/\\\/portbosphorushotel.com\\\/tr\\\/\",\"name\":\"Port Bosphorus Hotel\",\"description\":\"\",\"publisher\":{\"@id\":\"https:\\\/\\\/portbosphorushotel.com\\\/tr\\\/#organization\"},\"potentialAction\":[{\"@type\":\"SearchAction\",\"target\":{\"@type\":\"EntryPoint\",\"urlTemplate\":\"https:\\\/\\\/portbosphorushotel.com\\\/tr\\\/?s={search_term_string}\"},\"query-input\":{\"@type\":\"PropertyValueSpecification\",\"valueRequired\":true,\"valueName\":\"search_term_string\"}}],\"inLanguage\":\"tr\"},{\"@type\":\"Organization\",\"@id\":\"https:\\\/\\\/portbosphorushotel.com\\\/tr\\\/#organization\",\"name\":\"Port Bosphorus Hotel\",\"url\":\"https:\\\/\\\/portbosphorushotel.com\\\/tr\\\/\",\"logo\":{\"@type\":\"ImageObject\",\"inLanguage\":\"tr\",\"@id\":\"https:\\\/\\\/portbosphorushotel.com\\\/tr\\\/#\\\/schema\\\/logo\\\/image\\\/\",\"url\":\"https:\\\/\\\/portbosphorushotel.com\\\/wp-content\\\/uploads\\\/2023\\\/10\\\/cropped-p.png\",\"contentUrl\":\"https:\\\/\\\/portbosphorushotel.com\\\/wp-content\\\/uploads\\\/2023\\\/10\\\/cropped-p.png\",\"width\":512,\"height\":512,\"caption\":\"Port Bosphorus Hotel\"},\"image\":{\"@id\":\"https:\\\/\\\/portbosphorushotel.com\\\/tr\\\/#\\\/schema\\\/logo\\\/image\\\/\"},\"sameAs\":[\"https:\\\/\\\/www.facebook.com\\\/portbosphorushotel\",\"https:\\\/\\\/x.com\\\/portbosphorus\",\"https:\\\/\\\/www.instagram.com\\\/portbosphorushotel\\\/\"]}]}<\/script>\n<!-- \/ Yoast SEO plugin. -->","yoast_head_json":{"title":"Mini Market - Port Bosphorus Hotel","description":"Mini Market \u2013 24\/7 Port Bosphorus Hotel Mini Market \u2013 24\/7 Snacks and Beverages","robots":{"index":"index","follow":"follow","max-snippet":"max-snippet:-1","max-image-preview":"max-image-preview:large","max-video-preview":"max-video-preview:-1"},"canonical":"https:\/\/portbosphorushotel.com\/tr\/mini-bar\/","og_locale":"tr_TR","og_type":"article","og_title":"Mini Market - Port Bosphorus Hotel","og_description":"Mini Market \u2013 24\/7 Port Bosphorus Hotel Mini Market \u2013 24\/7 Snacks and Beverages","og_url":"https:\/\/portbosphorushotel.com\/tr\/mini-bar\/","og_site_name":"Port Bosphorus Hotel","article_publisher":"https:\/\/www.facebook.com\/portbosphorushotel","article_modified_time":"2025-06-18T14:26:52+00:00","twitter_card":"summary_large_image","twitter_site":"@portbosphorus","twitter_misc":{"Tahmini okuma s\u00fcresi":"1 dakika"},"schema":{"@context":"https:\/\/schema.org","@graph":[{"@type":"WebPage","@id":"https:\/\/portbosphorushotel.com\/mini-bar\/","url":"https:\/\/portbosphorushotel.com\/mini-bar\/","name":"Mini Market - Port Bosphorus Hotel","isPartOf":{"@id":"https:\/\/portbosphorushotel.com\/tr\/#website"},"datePublished":"2023-07-20T07:40:56+00:00","dateModified":"2025-06-18T14:26:52+00:00","description":"Mini Market \u2013 24\/7 Port Bosphorus Hotel Mini Market \u2013 24\/7 Snacks and Beverages","breadcrumb":{"@id":"https:\/\/portbosphorushotel.com\/mini-bar\/#breadcrumb"},"inLanguage":"tr","potentialAction":[{"@type":"ReadAction","target":["https:\/\/portbosphorushotel.com\/mini-bar\/"]}]},{"@type":"BreadcrumbList","@id":"https:\/\/portbosphorushotel.com\/mini-bar\/#breadcrumb","itemListElement":[{"@type":"ListItem","position":1,"name":"Anasayfa","item":"https:\/\/portbosphorushotel.com\/tr\/"},{"@type":"ListItem","position":2,"name":"Mini Market"}]},{"@type":"WebSite","@id":"https:\/\/portbosphorushotel.com\/tr\/#website","url":"https:\/\/portbosphorushotel.com\/tr\/","name":"Port Bosphorus Hotel","description":"","publisher":{"@id":"https:\/\/portbosphorushotel.com\/tr\/#organization"},"potentialAction":[{"@type":"SearchAction","target":{"@type":"EntryPoint","urlTemplate":"https:\/\/portbosphorushotel.com\/tr\/?s={search_term_string}"},"query-input":{"@type":"PropertyValueSpecification","valueRequired":true,"valueName":"search_term_string"}}],"inLanguage":"tr"},{"@type":"Organization","@id":"https:\/\/portbosphorushotel.com\/tr\/#organization","name":"Port Bosphorus Hotel","url":"https:\/\/portbosphorushotel.com\/tr\/","logo":{"@type":"ImageObject","inLanguage":"tr","@id":"https:\/\/portbosphorushotel.com\/tr\/#\/schema\/logo\/image\/","url":"https:\/\/portbosphorushotel.com\/wp-content\/uploads\/2023\/10\/cropped-p.png","contentUrl":"https:\/\/portbosphorushotel.com\/wp-content\/uploads\/2023\/10\/cropped-p.png","width":512,"height":512,"caption":"Port Bosphorus Hotel"},"image":{"@id":"https:\/\/portbosphorushotel.com\/tr\/#\/schema\/logo\/image\/"},"sameAs":["https:\/\/www.facebook.com\/portbosphorushotel","https:\/\/x.com\/portbosphorus","https:\/\/www.instagram.com\/portbosphorushotel\/"]}]}},"_links":{"self":[{"href":"https:\/\/portbosphorushotel.com\/tr\/wp-json\/wp\/v2\/pages\/1931","targetHints":{"allow":["GET"]}}],"collection":[{"href":"https:\/\/portbosphorushotel.com\/tr\/wp-json\/wp\/v2\/pages"}],"about":[{"href":"https:\/\/portbosphorushotel.com\/tr\/wp-json\/wp\/v2\/types\/page"}],"author":[{"embeddable":true,"href":"https:\/\/portbosphorushotel.com\/tr\/wp-json\/wp\/v2\/users\/4"}],"replies":[{"embeddable":true,"href":"https:\/\/portbosphorushotel.com\/tr\/wp-json\/wp\/v2\/comments?post=1931"}],"version-history":[{"count":19,"href":"https:\/\/portbosphorushotel.com\/tr\/wp-json\/wp\/v2\/pages\/1931\/revisions"}],"predecessor-version":[{"id":2368,"href":"https:\/\/portbosphorushotel.com\/tr\/wp-json\/wp\/v2\/pages\/1931\/revisions\/2368"}],"wp:attachment":[{"href":"https:\/\/portbosphorushotel.com\/tr\/wp-json\/wp\/v2\/media?parent=1931"}],"curies":[{"name":"wp","href":"https:\/\/api.w.org\/{rel}","templated":true}]}}