{"id":168,"date":"2018-06-05T04:15:54","date_gmt":"2018-06-05T04:15:54","guid":{"rendered":"http:\/\/multipurpose.loc\/hotel\/?page_id=168"},"modified":"2025-06-18T17:34:41","modified_gmt":"2025-06-18T14:34:41","slug":"iletisim","status":"publish","type":"page","link":"https:\/\/portbosphorushotel.com\/tr\/iletisim\/","title":{"rendered":"\u0130leti\u015fim"},"content":{"rendered":"<div class=\"container vc_container  vc_custom_1531906799465 \" ><div class=\"vc_row wpb_row vc_row-fluid\"><div class=\"wpb_column vc_column_container vc_col-sm-12 vc_col-lg-8 vc_col-md-8\">\n    <div class=\"vc_column-inner \">\n        <div class=\"wpb_wrapper\">\n            \n\t<div class=\"wpb_text_column wpb_content_element \" >\n\t\t<div class=\"wpb_wrapper\">\n\t\t\t<h2 style=\"text-align: center;\">\u0130leti\u015fim formu<\/h2>\n<p style=\"text-align: center;\">Telefon ve sosyal medya hatlar\u0131m\u0131z\u0131 kullanarak bizimle 7\/24 ileti\u015fime ge\u00e7ebilir, akl\u0131n\u0131zdaki soru i\u015faretlerini uzman kadromuzun deste\u011fi ile giderebilirsiniz.<\/p>\n\n\t\t<\/div>\n\t<\/div>\n\n<div class=\"wpcf7 no-js\" id=\"wpcf7-f172-o1\" lang=\"en-US\" dir=\"ltr\" data-wpcf7-id=\"172\">\n<div class=\"screen-reader-response\"><p role=\"status\" aria-live=\"polite\" aria-atomic=\"true\"><\/p> <ul><\/ul><\/div>\n<form action=\"\/tr\/wp-json\/wp\/v2\/pages\/168#wpcf7-f172-o1\" method=\"post\" class=\"wpcf7-form init stm_cf7 stm_cf7_style_1\" aria-label=\"Contact form\" novalidate=\"novalidate\" data-status=\"init\">\n<fieldset class=\"hidden-fields-container\"><input type=\"hidden\" name=\"_wpcf7\" value=\"172\" \/><input type=\"hidden\" name=\"_wpcf7_version\" value=\"6.1.5\" \/><input type=\"hidden\" name=\"_wpcf7_locale\" value=\"en_US\" \/><input type=\"hidden\" name=\"_wpcf7_unit_tag\" value=\"wpcf7-f172-o1\" \/><input type=\"hidden\" name=\"_wpcf7_container_post\" value=\"0\" \/><input type=\"hidden\" name=\"_wpcf7_posted_data_hash\" value=\"\" \/>\n<\/fieldset>\n<div class=\"row\">\n\t<div class=\"col-md-6\">\n\t\t<div class=\"form-group\">\n\t\t\t<p><span class=\"wpcf7-form-control-wrap\" data-name=\"your-name\"><input size=\"40\" maxlength=\"400\" class=\"wpcf7-form-control wpcf7-text wpcf7-validates-as-required\" aria-required=\"true\" aria-invalid=\"false\" placeholder=\"\u0130sim \/ Name\" value=\"\" type=\"text\" name=\"your-name\" \/><\/span>\n\t\t\t<\/p>\n\t\t<\/div>\n\t<\/div>\n\t<div class=\"col-md-6\">\n\t\t<div class=\"form-group\">\n\t\t\t<p><span class=\"wpcf7-form-control-wrap\" data-name=\"your-email\"><input size=\"40\" maxlength=\"400\" class=\"wpcf7-form-control wpcf7-email wpcf7-validates-as-required wpcf7-text wpcf7-validates-as-email\" aria-required=\"true\" aria-invalid=\"false\" placeholder=\"Email\" value=\"\" type=\"email\" name=\"your-email\" \/><\/span>\n\t\t\t<\/p>\n\t\t<\/div>\n\t<\/div>\n\t<div class=\"col-md-12\">\n\t\t<div class=\"form-group\">\n\t\t\t<p><span class=\"wpcf7-form-control-wrap\" data-name=\"your-message\"><textarea cols=\"40\" rows=\"3\" maxlength=\"2000\" class=\"wpcf7-form-control wpcf7-textarea\" aria-invalid=\"false\" placeholder=\"Mesaj \/ Message\" name=\"your-message\"><\/textarea><\/span>\n\t\t\t<\/p>\n\t\t<\/div>\n\t<\/div>\n\t<div class=\"col-md-12\">\n\t\t<div class=\"form-group text-center\">\n\t\t\t<p><button class=\"wpcf7-form-control wpcf7-submit btn btn_solid btn_primary\" type=\"submit\">Mesaj\u0131 G\u00f6nder \/ Message Send<\/button>\n\t\t\t<\/p>\n\t\t<\/div>\n\t<\/div>\n<\/div><div class=\"wpcf7-response-output\" aria-hidden=\"true\"><\/div>\n<\/form>\n<\/div>\n        <\/div>\n    <\/div>\n<\/div><div class=\"wpb_column vc_column_container vc_col-sm-12 vc_col-lg-4 vc_col-md-4\">\n    <div class=\"vc_column-inner \">\n        <div class=\"wpb_wrapper\">\n            <aside class=\"widget widget_contacts widget_contacts_style_2 widget_contacts widget_contacts_style_2_style_2 wpb_content_element vc_widgets vc_custom_1686057345904\">\n        <div class=\"widget_contacts_inner\" itemscope itemtype=\"http:\/\/schema.org\/Organization\">\n\n                            <div class=\"stm-icontext stm-icontext_style2 stm-icontext__address\"\n                     data-title=\"Address\">\n                    <i class=\"stm-icontext__icon fa fa-home\"><\/i>\n                    <span class=\"stm-icontext__text\" itemprop=\"address\">\n                        K\u0131l\u0131\u00e7ali Pa\u015fa Mahallesi Meclis-i Mebusan Cd. No:13 Karak\u00f6y \/ Beyo\u011flu \/ \u0130STANBUL                    <\/span>\n                <\/div>\n                            <div class=\"stm-icontext stm-icontext_style2 stm-icontext__phone\"\n                     data-title=\"Phone\">\n                    <i class=\"stm-icontext__icon fa fa-phone-square\"><\/i>\n                    <span class=\"stm-icontext__text\" itemprop=\"telephone\">\n                        <a href=\"tel:+90 (212) 247 00 00\">\n                        +90 (212) 247 00 00                        <\/a>\n                    <\/span>\n                <\/div>\n                            <div class=\"stm-icontext stm-icontext_style2 stm-icontext__fax\"\n                     data-title=\"Fax\">\n                    <i class=\"stm-icontext__icon fa fa-fax\"><\/i>\n                    <span class=\"stm-icontext__text\" itemprop=\"faxNumber\">\n                        +90 (212) 247 10 00                    <\/span>\n                <\/div>\n                            <div class=\"stm-icontext stm-icontext_style2 stm-icontext__email\"\n                     data-title=\"Email\">\n                    <i class=\"stm-icontext__icon fa fa-envelope\"><\/i>\n                    <span class=\"stm-icontext__text\">\n                        <a class=\"stm-effects_opacity\"\n                           itemprop=\"email\"\n                           href=\"mailto:info@portbosphorushotel.com\">\n                            info@portbosphorushotel.com                        <\/a>\n                    <\/span>\n                <\/div>\n                    <\/div>\n        <\/aside>        <\/div>\n    <\/div>\n<\/div><\/div><\/div><div class=\"container-fluid vc_container-fluid  vc_custom_1528179675214 \" ><div class=\"vc_row wpb_row vc_row-fluid\"><div class=\"container-fluid stm_no_side_pd\"><div class=\"row\"><div class=\"wpb_column vc_column_container vc_col-sm-12\">\n    <div class=\"vc_column-inner \">\n        <div class=\"wpb_wrapper\">\n            <div class=\"stm_spacer \">\n    <div class=\"visible-lg\" style=\"height: 70px;\"><\/div>\n    <div class=\"visible-md\" style=\"height: 70px;\"><\/div>\n    <div class=\"visible-sm\" style=\"height: 50px;\"><\/div>\n    <div class=\"visible-xs\" style=\"height: 40px;\"><\/div>\n<\/div><div class=\"wpb_gmaps_widget wpb_content_element\"><div class=\"wpb_wrapper\"><div class=\"wpb_map_wraper\"><iframe src=\"https:\/\/www.google.com\/maps\/embed?pb=!1m18!1m12!1m3!1d3009.862598378482!2d28.981619075492468!3d41.028261918195064!2m3!1f0!2f0!3f0!3m2!1i1024!2i768!4f13.1!3m3!1m2!1s0x14cab9d8f1bb1ccd%3A0x35e96de7435a12bd!2sPort%20Bosphorus%20Hotel!5e0!3m2!1str!2str!4v1688578351570!5m2!1str!2str\" width=\"800\" height=\"600\" style=\"border:0;\" allowfullscreen=\"\" loading=\"lazy\" referrerpolicy=\"no-referrer-when-downgrade\"><\/iframe><\/div><\/div><\/div>        <\/div>\n    <\/div>\n<\/div><\/div><\/div><\/div><\/div>\n","protected":false},"excerpt":{"rendered":"\u0130leti\u015fim formu Telefon ve sosyal medya hatlar\u0131m\u0131z\u0131 kullanarak bizimle 7\/24 ileti\u015fime ge\u00e7ebilir, akl\u0131n\u0131zdaki soru i\u015faretlerini uzman kadromuzun deste\u011fi ile giderebilirsiniz. Mesaj\u0131 G\u00f6nder \/ Message Send K\u0131l\u0131\u00e7ali Pa\u015fa Mahallesi Meclis-i Mebusan Cd. No:13 Karak\u00f6y \/ Beyo\u011flu \/ \u0130STANBUL +90 (212) 247 00 00 +90 (212) 247 10 00 info@portbosphorushotel.com","protected":false},"author":4,"featured_media":0,"parent":0,"menu_order":0,"comment_status":"closed","ping_status":"closed","template":"","meta":{"footnotes":""},"class_list":["post-168","page","type-page","status-publish","hentry"],"yoast_head":"<!-- This site is optimized with the Yoast SEO plugin v27.3 - https:\/\/yoast.com\/product\/yoast-seo-wordpress\/ -->\n<title>\u0130leti\u015fim - Port Bosphorus Hotel<\/title>\n<meta name=\"description\" content=\"Adress: K\u0131l\u0131\u00e7ali Pa\u015fa, Meclis-i Mebusan Cd. No:13, 34433 Beyo\u011flu \/ \u0130stanbul Phone: (0212) 247 00 00 e-mail : info@portbosphorushotel.com\" \/>\n<meta name=\"robots\" content=\"index, follow, max-snippet:-1, max-image-preview:large, max-video-preview:-1\" \/>\n<link rel=\"canonical\" href=\"https:\/\/portbosphorushotel.com\/tr\/iletisim\/\" \/>\n<meta property=\"og:locale\" content=\"tr_TR\" \/>\n<meta property=\"og:type\" content=\"article\" \/>\n<meta property=\"og:title\" content=\"\u0130leti\u015fim - Port Bosphorus Hotel\" \/>\n<meta property=\"og:description\" content=\"Adress: K\u0131l\u0131\u00e7ali Pa\u015fa, Meclis-i Mebusan Cd. No:13, 34433 Beyo\u011flu \/ \u0130stanbul Phone: (0212) 247 00 00 e-mail : info@portbosphorushotel.com\" \/>\n<meta property=\"og:url\" content=\"https:\/\/portbosphorushotel.com\/tr\/iletisim\/\" \/>\n<meta property=\"og:site_name\" content=\"Port Bosphorus Hotel\" \/>\n<meta property=\"article:publisher\" content=\"https:\/\/www.facebook.com\/portbosphorushotel\" \/>\n<meta property=\"article:modified_time\" content=\"2025-06-18T14:34:41+00:00\" \/>\n<meta name=\"twitter:card\" content=\"summary_large_image\" \/>\n<meta name=\"twitter:site\" content=\"@portbosphorus\" \/>\n<meta name=\"twitter:label1\" content=\"Tahmini okuma s\u00fcresi\" \/>\n\t<meta name=\"twitter:data1\" content=\"1 dakika\" \/>\n<script type=\"application\/ld+json\" class=\"yoast-schema-graph\">{\"@context\":\"https:\\\/\\\/schema.org\",\"@graph\":[{\"@type\":\"WebPage\",\"@id\":\"https:\\\/\\\/portbosphorushotel.com\\\/iletisim\\\/\",\"url\":\"https:\\\/\\\/portbosphorushotel.com\\\/iletisim\\\/\",\"name\":\"\u0130leti\u015fim - Port Bosphorus Hotel\",\"isPartOf\":{\"@id\":\"https:\\\/\\\/portbosphorushotel.com\\\/tr\\\/#website\"},\"datePublished\":\"2018-06-05T04:15:54+00:00\",\"dateModified\":\"2025-06-18T14:34:41+00:00\",\"description\":\"Adress: K\u0131l\u0131\u00e7ali Pa\u015fa, Meclis-i Mebusan Cd. No:13, 34433 Beyo\u011flu \\\/ \u0130stanbul Phone: (0212) 247 00 00 e-mail : info@portbosphorushotel.com\",\"breadcrumb\":{\"@id\":\"https:\\\/\\\/portbosphorushotel.com\\\/iletisim\\\/#breadcrumb\"},\"inLanguage\":\"tr\",\"potentialAction\":[{\"@type\":\"ReadAction\",\"target\":[\"https:\\\/\\\/portbosphorushotel.com\\\/iletisim\\\/\"]}]},{\"@type\":\"BreadcrumbList\",\"@id\":\"https:\\\/\\\/portbosphorushotel.com\\\/iletisim\\\/#breadcrumb\",\"itemListElement\":[{\"@type\":\"ListItem\",\"position\":1,\"name\":\"Anasayfa\",\"item\":\"https:\\\/\\\/portbosphorushotel.com\\\/tr\\\/\"},{\"@type\":\"ListItem\",\"position\":2,\"name\":\"\u0130leti\u015fim\"}]},{\"@type\":\"WebSite\",\"@id\":\"https:\\\/\\\/portbosphorushotel.com\\\/tr\\\/#website\",\"url\":\"https:\\\/\\\/portbosphorushotel.com\\\/tr\\\/\",\"name\":\"Port Bosphorus Hotel\",\"description\":\"\",\"publisher\":{\"@id\":\"https:\\\/\\\/portbosphorushotel.com\\\/tr\\\/#organization\"},\"potentialAction\":[{\"@type\":\"SearchAction\",\"target\":{\"@type\":\"EntryPoint\",\"urlTemplate\":\"https:\\\/\\\/portbosphorushotel.com\\\/tr\\\/?s={search_term_string}\"},\"query-input\":{\"@type\":\"PropertyValueSpecification\",\"valueRequired\":true,\"valueName\":\"search_term_string\"}}],\"inLanguage\":\"tr\"},{\"@type\":\"Organization\",\"@id\":\"https:\\\/\\\/portbosphorushotel.com\\\/tr\\\/#organization\",\"name\":\"Port Bosphorus Hotel\",\"url\":\"https:\\\/\\\/portbosphorushotel.com\\\/tr\\\/\",\"logo\":{\"@type\":\"ImageObject\",\"inLanguage\":\"tr\",\"@id\":\"https:\\\/\\\/portbosphorushotel.com\\\/tr\\\/#\\\/schema\\\/logo\\\/image\\\/\",\"url\":\"https:\\\/\\\/portbosphorushotel.com\\\/wp-content\\\/uploads\\\/2023\\\/10\\\/cropped-p.png\",\"contentUrl\":\"https:\\\/\\\/portbosphorushotel.com\\\/wp-content\\\/uploads\\\/2023\\\/10\\\/cropped-p.png\",\"width\":512,\"height\":512,\"caption\":\"Port Bosphorus Hotel\"},\"image\":{\"@id\":\"https:\\\/\\\/portbosphorushotel.com\\\/tr\\\/#\\\/schema\\\/logo\\\/image\\\/\"},\"sameAs\":[\"https:\\\/\\\/www.facebook.com\\\/portbosphorushotel\",\"https:\\\/\\\/x.com\\\/portbosphorus\",\"https:\\\/\\\/www.instagram.com\\\/portbosphorushotel\\\/\"]}]}<\/script>\n<!-- \/ Yoast SEO plugin. -->","yoast_head_json":{"title":"\u0130leti\u015fim - Port Bosphorus Hotel","description":"Adress: K\u0131l\u0131\u00e7ali Pa\u015fa, Meclis-i Mebusan Cd. No:13, 34433 Beyo\u011flu \/ \u0130stanbul Phone: (0212) 247 00 00 e-mail : info@portbosphorushotel.com","robots":{"index":"index","follow":"follow","max-snippet":"max-snippet:-1","max-image-preview":"max-image-preview:large","max-video-preview":"max-video-preview:-1"},"canonical":"https:\/\/portbosphorushotel.com\/tr\/iletisim\/","og_locale":"tr_TR","og_type":"article","og_title":"\u0130leti\u015fim - Port Bosphorus Hotel","og_description":"Adress: K\u0131l\u0131\u00e7ali Pa\u015fa, Meclis-i Mebusan Cd. No:13, 34433 Beyo\u011flu \/ \u0130stanbul Phone: (0212) 247 00 00 e-mail : info@portbosphorushotel.com","og_url":"https:\/\/portbosphorushotel.com\/tr\/iletisim\/","og_site_name":"Port Bosphorus Hotel","article_publisher":"https:\/\/www.facebook.com\/portbosphorushotel","article_modified_time":"2025-06-18T14:34:41+00:00","twitter_card":"summary_large_image","twitter_site":"@portbosphorus","twitter_misc":{"Tahmini okuma s\u00fcresi":"1 dakika"},"schema":{"@context":"https:\/\/schema.org","@graph":[{"@type":"WebPage","@id":"https:\/\/portbosphorushotel.com\/iletisim\/","url":"https:\/\/portbosphorushotel.com\/iletisim\/","name":"\u0130leti\u015fim - Port Bosphorus Hotel","isPartOf":{"@id":"https:\/\/portbosphorushotel.com\/tr\/#website"},"datePublished":"2018-06-05T04:15:54+00:00","dateModified":"2025-06-18T14:34:41+00:00","description":"Adress: K\u0131l\u0131\u00e7ali Pa\u015fa, Meclis-i Mebusan Cd. No:13, 34433 Beyo\u011flu \/ \u0130stanbul Phone: (0212) 247 00 00 e-mail : info@portbosphorushotel.com","breadcrumb":{"@id":"https:\/\/portbosphorushotel.com\/iletisim\/#breadcrumb"},"inLanguage":"tr","potentialAction":[{"@type":"ReadAction","target":["https:\/\/portbosphorushotel.com\/iletisim\/"]}]},{"@type":"BreadcrumbList","@id":"https:\/\/portbosphorushotel.com\/iletisim\/#breadcrumb","itemListElement":[{"@type":"ListItem","position":1,"name":"Anasayfa","item":"https:\/\/portbosphorushotel.com\/tr\/"},{"@type":"ListItem","position":2,"name":"\u0130leti\u015fim"}]},{"@type":"WebSite","@id":"https:\/\/portbosphorushotel.com\/tr\/#website","url":"https:\/\/portbosphorushotel.com\/tr\/","name":"Port Bosphorus Hotel","description":"","publisher":{"@id":"https:\/\/portbosphorushotel.com\/tr\/#organization"},"potentialAction":[{"@type":"SearchAction","target":{"@type":"EntryPoint","urlTemplate":"https:\/\/portbosphorushotel.com\/tr\/?s={search_term_string}"},"query-input":{"@type":"PropertyValueSpecification","valueRequired":true,"valueName":"search_term_string"}}],"inLanguage":"tr"},{"@type":"Organization","@id":"https:\/\/portbosphorushotel.com\/tr\/#organization","name":"Port Bosphorus Hotel","url":"https:\/\/portbosphorushotel.com\/tr\/","logo":{"@type":"ImageObject","inLanguage":"tr","@id":"https:\/\/portbosphorushotel.com\/tr\/#\/schema\/logo\/image\/","url":"https:\/\/portbosphorushotel.com\/wp-content\/uploads\/2023\/10\/cropped-p.png","contentUrl":"https:\/\/portbosphorushotel.com\/wp-content\/uploads\/2023\/10\/cropped-p.png","width":512,"height":512,"caption":"Port Bosphorus Hotel"},"image":{"@id":"https:\/\/portbosphorushotel.com\/tr\/#\/schema\/logo\/image\/"},"sameAs":["https:\/\/www.facebook.com\/portbosphorushotel","https:\/\/x.com\/portbosphorus","https:\/\/www.instagram.com\/portbosphorushotel\/"]}]}},"_links":{"self":[{"href":"https:\/\/portbosphorushotel.com\/tr\/wp-json\/wp\/v2\/pages\/168","targetHints":{"allow":["GET"]}}],"collection":[{"href":"https:\/\/portbosphorushotel.com\/tr\/wp-json\/wp\/v2\/pages"}],"about":[{"href":"https:\/\/portbosphorushotel.com\/tr\/wp-json\/wp\/v2\/types\/page"}],"author":[{"embeddable":true,"href":"https:\/\/portbosphorushotel.com\/tr\/wp-json\/wp\/v2\/users\/4"}],"replies":[{"embeddable":true,"href":"https:\/\/portbosphorushotel.com\/tr\/wp-json\/wp\/v2\/comments?post=168"}],"version-history":[{"count":10,"href":"https:\/\/portbosphorushotel.com\/tr\/wp-json\/wp\/v2\/pages\/168\/revisions"}],"predecessor-version":[{"id":2390,"href":"https:\/\/portbosphorushotel.com\/tr\/wp-json\/wp\/v2\/pages\/168\/revisions\/2390"}],"wp:attachment":[{"href":"https:\/\/portbosphorushotel.com\/tr\/wp-json\/wp\/v2\/media?parent=168"}],"curies":[{"name":"wp","href":"https:\/\/api.w.org\/{rel}","templated":true}]}}