{"id":258,"date":"2018-06-05T12:49:55","date_gmt":"2018-06-05T12:49:55","guid":{"rendered":"http:\/\/multipurpose.loc\/hotel\/?page_id=258"},"modified":"2024-05-14T13:44:32","modified_gmt":"2024-05-14T10:44:32","slug":"galeri","status":"publish","type":"page","link":"https:\/\/portbosphorushotel.com\/en\/galeri\/","title":{"rendered":"Gallery"},"content":{"rendered":"<div class=\"container vc_container\" ><div class=\"vc_row wpb_row vc_row-fluid\"><div class=\"wpb_column vc_column_container vc_col-sm-12\">\n    <div class=\"vc_column-inner\">\n        <div class=\"wpb_wrapper\">\n            \n\t<div class=\"wpb_text_column wpb_content_element\" >\n\t\t<div class=\"wpb_wrapper\">\n\t\t\t<h2 style=\"text-align: center; font-size: 15px;\">Port Bosphorus Hotel awaits you with an enchanting experience like no other, where every moment turns into an unforgettable tale.<\/h2>\n\n\t\t<\/div>\n\t<\/div>\n<div class=\"vc_empty_space\"   style=\"height: 40px\"><span class=\"vc_empty_space_inner\"><\/span><\/div>\n                <div class=\"stm_images_gallery_with_categories stm_images_gallery_with_categories_style_1   sm_mgt_0\"\n                     data-size=\"700x480\"\n                     data-number=\"30\">\n                    <div class=\"stm-images__categories\">\n                        <ul class=\"list-unstyled\">\n                                                            <li class=\"stm-images__category\" role=\"presentation\">\n                                    <a href=\"#Allphotos\"\n                                       class=\"mbdc\"\n                                       aria-controls=\"Allphotos\"\n                                       role=\"tab\"\n                                       data-toggle=\"tab\">\n                                         All photos                                    <\/a>\n                                <\/li>\n                                                                <li class=\"stm-images__category\" role=\"presentation\">\n                                    <a href=\"#Restaurant\"\n                                       class=\"mbdc\"\n                                       aria-controls=\"Restaurant\"\n                                       role=\"tab\"\n                                       data-toggle=\"tab\">\n                                         Restaurant                                    <\/a>\n                                <\/li>\n                                                                <li class=\"stm-images__category\" role=\"presentation\">\n                                    <a href=\"#ToplantSalonlar\"\n                                       class=\"mbdc\"\n                                       aria-controls=\"ToplantSalonlar\"\n                                       role=\"tab\"\n                                       data-toggle=\"tab\">\n                                         Meeting Halls                                    <\/a>\n                                <\/li>\n                                                                <li class=\"stm-images__category\" role=\"presentation\">\n                                    <a href=\"#Spa\"\n                                       class=\"mbdc\"\n                                       aria-controls=\"Spa\"\n                                       role=\"tab\"\n                                       data-toggle=\"tab\">\n                                         Spa                                    <\/a>\n                                <\/li>\n                                                                <li class=\"stm-images__category\" role=\"presentation\">\n                                    <a href=\"#OdaServisi\"\n                                       class=\"mbdc\"\n                                       aria-controls=\"OdaServisi\"\n                                       role=\"tab\"\n                                       data-toggle=\"tab\">\n                                         Room Service                                    <\/a>\n                                <\/li>\n                                                        <\/ul>\n                    <\/div>\n                    <div class=\"stm-images__tabs tab-content\">\n                                                        <div role=\"tabpanel\"\n                                     class=\"tab-pane stm-images__tab fade active in\"\n                                     id=\"Allphotos\"\n                                     data-load-more=\"true\"\n                                     data-page=\"1\"\n                                     data-images='1867,1866,1865,1864,1863,1862,1861,1860,1859,1858,1857,1854,1853,1852,1851,1850,1849,1873,1872,1871,1870,1869,2040,2047,2049,1856'>\n                                    <div class=\"stm-images__container stm_lightgallery\">\n\n                                    <\/div>\n                                                                        <div class=\"stm-preloader mbc\"><\/div>\n                                <\/div>\n\n\n                                                            <div role=\"tabpanel\"\n                                     class=\"tab-pane stm-images__tab fade\"\n                                     id=\"Restaurant\"\n                                     data-load-more=\"true\"\n                                     data-page=\"1\"\n                                     data-images='1867,1866,1865,1864,1863,1862,1861,1860,1859,1858,1857,1856'>\n                                    <div class=\"stm-images__container stm_lightgallery\">\n\n                                    <\/div>\n                                                                        <div class=\"stm-preloader mbc\"><\/div>\n                                <\/div>\n\n\n                                                            <div role=\"tabpanel\"\n                                     class=\"tab-pane stm-images__tab fade\"\n                                     id=\"ToplantSalonlar\"\n                                     data-load-more=\"true\"\n                                     data-page=\"1\"\n                                     data-images='1854,1853,1852,1851,1850,1849'>\n                                    <div class=\"stm-images__container stm_lightgallery\">\n\n                                    <\/div>\n                                                                        <div class=\"stm-preloader mbc\"><\/div>\n                                <\/div>\n\n\n                                                            <div role=\"tabpanel\"\n                                     class=\"tab-pane stm-images__tab fade\"\n                                     id=\"Spa\"\n                                     data-load-more=\"true\"\n                                     data-page=\"1\"\n                                     data-images='1873,1872,1871,1870,1869'>\n                                    <div class=\"stm-images__container stm_lightgallery\">\n\n                                    <\/div>\n                                                                        <div class=\"stm-preloader mbc\"><\/div>\n                                <\/div>\n\n\n                                                            <div role=\"tabpanel\"\n                                     class=\"tab-pane stm-images__tab fade\"\n                                     id=\"OdaServisi\"\n                                     data-load-more=\"true\"\n                                     data-page=\"1\"\n                                     data-images='2040,2047,2049'>\n                                    <div class=\"stm-images__container stm_lightgallery\">\n\n                                    <\/div>\n                                                                        <div class=\"stm-preloader mbc\"><\/div>\n                                <\/div>\n\n\n                                                <\/div>\n                <\/div>\n                    <\/div>\n    <\/div>\n<\/div><\/div><\/div>","protected":false},"excerpt":{"rendered":"Port Bosphorus Hotel'de sizleri unutulmaz bir deneyim bekliyor. All photos Restaurant Toplant\u0131 Salonlar\u0131 Spa Oda Servisi","protected":false},"author":4,"featured_media":0,"parent":0,"menu_order":0,"comment_status":"closed","ping_status":"closed","template":"","meta":{"footnotes":""},"class_list":["post-258","page","type-page","status-publish","hentry"],"yoast_head":"<!-- This site is optimized with the Yoast SEO plugin v27.4 - https:\/\/yoast.com\/product\/yoast-seo-wordpress\/ -->\n<title>Galeri - Port Bosphorus Hotel<\/title>\n<meta name=\"description\" content=\"Port Bosphorus Hotel g\u00f6rsellerine g\u00f6z atmak i\u00e7in bu sayfay\u0131 ziyaret ediniz. Visit this page to browse Port Bosphorus Hotel images\" \/>\n<meta name=\"robots\" content=\"index, follow, max-snippet:-1, max-image-preview:large, max-video-preview:-1\" \/>\n<link rel=\"canonical\" href=\"https:\/\/portbosphorushotel.com\/en\/galeri\/\" \/>\n<meta property=\"og:locale\" content=\"en_US\" \/>\n<meta property=\"og:type\" content=\"article\" \/>\n<meta property=\"og:title\" content=\"Galeri - Port Bosphorus Hotel\" \/>\n<meta property=\"og:description\" content=\"Port Bosphorus Hotel g\u00f6rsellerine g\u00f6z atmak i\u00e7in bu sayfay\u0131 ziyaret ediniz. Visit this page to browse Port Bosphorus Hotel images\" \/>\n<meta property=\"og:url\" content=\"https:\/\/portbosphorushotel.com\/en\/galeri\/\" \/>\n<meta property=\"og:site_name\" content=\"Port Bosphorus Hotel\" \/>\n<meta property=\"article:publisher\" content=\"https:\/\/www.facebook.com\/portbosphorushotel\" \/>\n<meta property=\"article:modified_time\" content=\"2024-05-14T10:44:32+00:00\" \/>\n<meta name=\"twitter:card\" content=\"summary_large_image\" \/>\n<meta name=\"twitter:site\" content=\"@portbosphorus\" \/>\n<meta name=\"twitter:label1\" content=\"Est. reading time\" \/>\n\t<meta name=\"twitter:data1\" content=\"1 minute\" \/>\n<script type=\"application\/ld+json\" class=\"yoast-schema-graph\">{\"@context\":\"https:\\\/\\\/schema.org\",\"@graph\":[{\"@type\":\"WebPage\",\"@id\":\"https:\\\/\\\/portbosphorushotel.com\\\/galeri\\\/\",\"url\":\"https:\\\/\\\/portbosphorushotel.com\\\/galeri\\\/\",\"name\":\"Galeri - Port Bosphorus Hotel\",\"isPartOf\":{\"@id\":\"https:\\\/\\\/portbosphorushotel.com\\\/tr\\\/#website\"},\"datePublished\":\"2018-06-05T12:49:55+00:00\",\"dateModified\":\"2024-05-14T10:44:32+00:00\",\"description\":\"Port Bosphorus Hotel g\u00f6rsellerine g\u00f6z atmak i\u00e7in bu sayfay\u0131 ziyaret ediniz. Visit this page to browse Port Bosphorus Hotel images\",\"breadcrumb\":{\"@id\":\"https:\\\/\\\/portbosphorushotel.com\\\/galeri\\\/#breadcrumb\"},\"inLanguage\":\"en-US\",\"potentialAction\":[{\"@type\":\"ReadAction\",\"target\":[\"https:\\\/\\\/portbosphorushotel.com\\\/galeri\\\/\"]}]},{\"@type\":\"BreadcrumbList\",\"@id\":\"https:\\\/\\\/portbosphorushotel.com\\\/galeri\\\/#breadcrumb\",\"itemListElement\":[{\"@type\":\"ListItem\",\"position\":1,\"name\":\"Anasayfa\",\"item\":\"https:\\\/\\\/portbosphorushotel.com\\\/tr\\\/\"},{\"@type\":\"ListItem\",\"position\":2,\"name\":\"Galeri\"}]},{\"@type\":\"WebSite\",\"@id\":\"https:\\\/\\\/portbosphorushotel.com\\\/tr\\\/#website\",\"url\":\"https:\\\/\\\/portbosphorushotel.com\\\/tr\\\/\",\"name\":\"Port Bosphorus Hotel\",\"description\":\"\",\"publisher\":{\"@id\":\"https:\\\/\\\/portbosphorushotel.com\\\/tr\\\/#organization\"},\"potentialAction\":[{\"@type\":\"SearchAction\",\"target\":{\"@type\":\"EntryPoint\",\"urlTemplate\":\"https:\\\/\\\/portbosphorushotel.com\\\/tr\\\/?s={search_term_string}\"},\"query-input\":{\"@type\":\"PropertyValueSpecification\",\"valueRequired\":true,\"valueName\":\"search_term_string\"}}],\"inLanguage\":\"en-US\"},{\"@type\":\"Organization\",\"@id\":\"https:\\\/\\\/portbosphorushotel.com\\\/tr\\\/#organization\",\"name\":\"Port Bosphorus Hotel\",\"url\":\"https:\\\/\\\/portbosphorushotel.com\\\/tr\\\/\",\"logo\":{\"@type\":\"ImageObject\",\"inLanguage\":\"en-US\",\"@id\":\"https:\\\/\\\/portbosphorushotel.com\\\/tr\\\/#\\\/schema\\\/logo\\\/image\\\/\",\"url\":\"https:\\\/\\\/portbosphorushotel.com\\\/wp-content\\\/uploads\\\/2023\\\/10\\\/cropped-p.png\",\"contentUrl\":\"https:\\\/\\\/portbosphorushotel.com\\\/wp-content\\\/uploads\\\/2023\\\/10\\\/cropped-p.png\",\"width\":512,\"height\":512,\"caption\":\"Port Bosphorus Hotel\"},\"image\":{\"@id\":\"https:\\\/\\\/portbosphorushotel.com\\\/tr\\\/#\\\/schema\\\/logo\\\/image\\\/\"},\"sameAs\":[\"https:\\\/\\\/www.facebook.com\\\/portbosphorushotel\",\"https:\\\/\\\/x.com\\\/portbosphorus\",\"https:\\\/\\\/www.instagram.com\\\/portbosphorushotel\\\/\"]}]}<\/script>\n<!-- \/ Yoast SEO plugin. -->","yoast_head_json":{"title":"Galeri - Port Bosphorus Hotel","description":"Port Bosphorus Hotel g\u00f6rsellerine g\u00f6z atmak i\u00e7in bu sayfay\u0131 ziyaret ediniz. Visit this page to browse Port Bosphorus Hotel images","robots":{"index":"index","follow":"follow","max-snippet":"max-snippet:-1","max-image-preview":"max-image-preview:large","max-video-preview":"max-video-preview:-1"},"canonical":"https:\/\/portbosphorushotel.com\/en\/galeri\/","og_locale":"en_US","og_type":"article","og_title":"Galeri - Port Bosphorus Hotel","og_description":"Port Bosphorus Hotel g\u00f6rsellerine g\u00f6z atmak i\u00e7in bu sayfay\u0131 ziyaret ediniz. Visit this page to browse Port Bosphorus Hotel images","og_url":"https:\/\/portbosphorushotel.com\/en\/galeri\/","og_site_name":"Port Bosphorus Hotel","article_publisher":"https:\/\/www.facebook.com\/portbosphorushotel","article_modified_time":"2024-05-14T10:44:32+00:00","twitter_card":"summary_large_image","twitter_site":"@portbosphorus","twitter_misc":{"Est. reading time":"1 minute"},"schema":{"@context":"https:\/\/schema.org","@graph":[{"@type":"WebPage","@id":"https:\/\/portbosphorushotel.com\/galeri\/","url":"https:\/\/portbosphorushotel.com\/galeri\/","name":"Galeri - Port Bosphorus Hotel","isPartOf":{"@id":"https:\/\/portbosphorushotel.com\/tr\/#website"},"datePublished":"2018-06-05T12:49:55+00:00","dateModified":"2024-05-14T10:44:32+00:00","description":"Port Bosphorus Hotel g\u00f6rsellerine g\u00f6z atmak i\u00e7in bu sayfay\u0131 ziyaret ediniz. Visit this page to browse Port Bosphorus Hotel images","breadcrumb":{"@id":"https:\/\/portbosphorushotel.com\/galeri\/#breadcrumb"},"inLanguage":"en-US","potentialAction":[{"@type":"ReadAction","target":["https:\/\/portbosphorushotel.com\/galeri\/"]}]},{"@type":"BreadcrumbList","@id":"https:\/\/portbosphorushotel.com\/galeri\/#breadcrumb","itemListElement":[{"@type":"ListItem","position":1,"name":"Anasayfa","item":"https:\/\/portbosphorushotel.com\/tr\/"},{"@type":"ListItem","position":2,"name":"Galeri"}]},{"@type":"WebSite","@id":"https:\/\/portbosphorushotel.com\/tr\/#website","url":"https:\/\/portbosphorushotel.com\/tr\/","name":"Port Bosphorus Hotel","description":"","publisher":{"@id":"https:\/\/portbosphorushotel.com\/tr\/#organization"},"potentialAction":[{"@type":"SearchAction","target":{"@type":"EntryPoint","urlTemplate":"https:\/\/portbosphorushotel.com\/tr\/?s={search_term_string}"},"query-input":{"@type":"PropertyValueSpecification","valueRequired":true,"valueName":"search_term_string"}}],"inLanguage":"en-US"},{"@type":"Organization","@id":"https:\/\/portbosphorushotel.com\/tr\/#organization","name":"Port Bosphorus Hotel","url":"https:\/\/portbosphorushotel.com\/tr\/","logo":{"@type":"ImageObject","inLanguage":"en-US","@id":"https:\/\/portbosphorushotel.com\/tr\/#\/schema\/logo\/image\/","url":"https:\/\/portbosphorushotel.com\/wp-content\/uploads\/2023\/10\/cropped-p.png","contentUrl":"https:\/\/portbosphorushotel.com\/wp-content\/uploads\/2023\/10\/cropped-p.png","width":512,"height":512,"caption":"Port Bosphorus Hotel"},"image":{"@id":"https:\/\/portbosphorushotel.com\/tr\/#\/schema\/logo\/image\/"},"sameAs":["https:\/\/www.facebook.com\/portbosphorushotel","https:\/\/x.com\/portbosphorus","https:\/\/www.instagram.com\/portbosphorushotel\/"]}]}},"_links":{"self":[{"href":"https:\/\/portbosphorushotel.com\/en\/wp-json\/wp\/v2\/pages\/258","targetHints":{"allow":["GET"]}}],"collection":[{"href":"https:\/\/portbosphorushotel.com\/en\/wp-json\/wp\/v2\/pages"}],"about":[{"href":"https:\/\/portbosphorushotel.com\/en\/wp-json\/wp\/v2\/types\/page"}],"author":[{"embeddable":true,"href":"https:\/\/portbosphorushotel.com\/en\/wp-json\/wp\/v2\/users\/4"}],"replies":[{"embeddable":true,"href":"https:\/\/portbosphorushotel.com\/en\/wp-json\/wp\/v2\/comments?post=258"}],"version-history":[{"count":39,"href":"https:\/\/portbosphorushotel.com\/en\/wp-json\/wp\/v2\/pages\/258\/revisions"}],"predecessor-version":[{"id":2400,"href":"https:\/\/portbosphorushotel.com\/en\/wp-json\/wp\/v2\/pages\/258\/revisions\/2400"}],"wp:attachment":[{"href":"https:\/\/portbosphorushotel.com\/en\/wp-json\/wp\/v2\/media?parent=258"}],"curies":[{"name":"wp","href":"https:\/\/api.w.org\/{rel}","templated":true}]}}