{"id":1681,"date":"2023-06-11T23:49:39","date_gmt":"2023-06-11T20:49:39","guid":{"rendered":"https:\/\/portbosphorushotel.com\/tr\/?page_id=1681"},"modified":"2025-06-18T17:35:24","modified_gmt":"2025-06-18T14:35:24","slug":"toplanti-salonlari","status":"publish","type":"page","link":"https:\/\/portbosphorushotel.com\/en\/toplanti-salonlari\/","title":{"rendered":"Meeting Halls"},"content":{"rendered":"<div class=\"container vc_container\" ><div class=\"vc_row wpb_row vc_row-fluid\"><div class=\"wpb_column vc_column_container vc_col-sm-12\">\n    <div class=\"vc_column-inner\">\n        <div class=\"wpb_wrapper\">\n            \n\t<div class=\"wpb_text_column wpb_content_element\" >\n\t\t<div class=\"wpb_wrapper\">\n\t\t\t<section class=\"block block--big\">\n<div class=\"container\">\n<div class=\"row\">\n<div class=\"col-lg-12\">\n<h2 style=\"text-align: center;\">Meeting Halls<\/h2>\n<p style=\"text-align: center;\">The Port Bosphorus Hotel, which is a perfect choice for holding your meetings, gives you a perfect opportunity with its 3 divisible meeting halls, professional equipment, high-speed internet connection, modern audio and video systems.<\/p>\n<p style=\"text-align: center;\">Surrounded by the vibrant and energetic atmosphere of Karak\u00f6y, the Port Bosphorus Hotel is located at a spot where you can feel the pulse of the business community. The Port Bosphorus Hotel, one of the most central locations in Istanbul, offers easy transportation, as well as a privileged experience for your guests.<\/p>\n<\/div>\n<\/div>\n<\/div>\n<\/section>\n\n\t\t<\/div>\n\t<\/div>\n        <\/div>\n    <\/div>\n<\/div><\/div><\/div><div class=\"container vc_container\" ><div class=\"vc_row wpb_row vc_row-fluid\"><div class=\"wpb_column vc_column_container vc_col-sm-12\">\n    <div class=\"vc_column-inner\">\n        <div class=\"wpb_wrapper\">\n            \n                <div class=\"stm_images_gallery_with_categories stm_images_gallery_with_categories_style_1\"\n                     data-size=\"350x240\"\n                     data-number=\"9\">\n                    <div class=\"stm-images__categories\">\n                        <ul class=\"list-unstyled\">\n                                                            <li class=\"stm-images__category\" role=\"presentation\">\n                                    <a href=\"#Allphotos\"\n                                       class=\"mbdc\"\n                                       aria-controls=\"Allphotos\"\n                                       role=\"tab\"\n                                       data-toggle=\"tab\">\n                                         All photos                                    <\/a>\n                                <\/li>\n                                                                <li class=\"stm-images__category\" role=\"presentation\">\n                                    <a href=\"#General\"\n                                       class=\"mbdc\"\n                                       aria-controls=\"General\"\n                                       role=\"tab\"\n                                       data-toggle=\"tab\">\n                                         General                                    <\/a>\n                                <\/li>\n                                                        <\/ul>\n                    <\/div>\n                    <div class=\"stm-images__tabs tab-content\">\n                                                        <div role=\"tabpanel\"\n                                     class=\"tab-pane stm-images__tab fade active in\"\n                                     id=\"Allphotos\"\n                                     data-load-more=\"true\"\n                                     data-page=\"1\"\n                                     data-images='1849,1850,1851,1852,1853,1854'>\n                                    <div class=\"stm-images__container stm_lightgallery\">\n\n                                    <\/div>\n                                                                        <div class=\"stm-preloader mbc\"><\/div>\n                                <\/div>\n\n\n                                                            <div role=\"tabpanel\"\n                                     class=\"tab-pane stm-images__tab fade\"\n                                     id=\"General\"\n                                     data-load-more=\"true\"\n                                     data-page=\"1\"\n                                     data-images='1849,1850,1851,1852,1853,1854'>\n                                    <div class=\"stm-images__container stm_lightgallery\">\n\n                                    <\/div>\n                                                                        <div class=\"stm-preloader mbc\"><\/div>\n                                <\/div>\n\n\n                                                <\/div>\n                <\/div>\n                    <\/div>\n    <\/div>\n<\/div><\/div><\/div>","protected":false},"excerpt":{"rendered":"Toplant\u0131 Salonlar\u0131 Toplant\u0131lar\u0131n\u0131z\u0131 ger\u00e7ekle\u015ftirmek i\u00e7in m\u00fckemmel bir se\u00e7im olan Port Bosphorus Hotel, b\u00f6l\u00fcnebilir 3 adet toplant\u0131 salonu, profesyonel ekipmanlar\u0131, y\u00fcksek h\u0131zl\u0131 internet ba\u011flant\u0131s\u0131, modern ses ve g\u00f6r\u00fcnt\u00fc sistemleri ile sizlere kusursuz olanaklar sa\u011fl\u0131yor. Karak\u00f6y'\u00fcn canl\u0131 ve enerjik atmosferiyle \u00e7evrili olan Port Bosphorus Hotel, i\u015f d\u00fcnyas\u0131n\u0131n nabz\u0131n\u0131 yakalaman\u0131z\u0131 sa\u011flayan bir noktada yer al\u0131yor. \u0130stanbul'un en merkezi [...]","protected":false},"author":4,"featured_media":0,"parent":0,"menu_order":0,"comment_status":"closed","ping_status":"closed","template":"","meta":{"footnotes":""},"class_list":["post-1681","page","type-page","status-publish","hentry"],"yoast_head":"<!-- This site is optimized with the Yoast SEO plugin v27.4 - https:\/\/yoast.com\/product\/yoast-seo-wordpress\/ -->\n<title>Toplant\u0131 Salonlar\u0131 - Port Bosphorus Hotel<\/title>\n<meta name=\"description\" content=\"meeting room is an enclosed space where people can come together to hold meetings, conduct discussions, or make presentations. These types of rooms can be found in business environments, educational institutions, government buildings, hotels, and various other organizations.\" \/>\n<meta name=\"robots\" content=\"index, follow, max-snippet:-1, max-image-preview:large, max-video-preview:-1\" \/>\n<link rel=\"canonical\" href=\"https:\/\/portbosphorushotel.com\/en\/toplanti-salonlari\/\" \/>\n<meta property=\"og:locale\" content=\"en_US\" \/>\n<meta property=\"og:type\" content=\"article\" \/>\n<meta property=\"og:title\" content=\"Toplant\u0131 Salonlar\u0131 - Port Bosphorus Hotel\" \/>\n<meta property=\"og:description\" content=\"meeting room is an enclosed space where people can come together to hold meetings, conduct discussions, or make presentations. These types of rooms can be found in business environments, educational institutions, government buildings, hotels, and various other organizations.\" \/>\n<meta property=\"og:url\" content=\"https:\/\/portbosphorushotel.com\/en\/toplanti-salonlari\/\" \/>\n<meta property=\"og:site_name\" content=\"Port Bosphorus Hotel\" \/>\n<meta property=\"article:publisher\" content=\"https:\/\/www.facebook.com\/portbosphorushotel\" \/>\n<meta property=\"article:modified_time\" content=\"2025-06-18T14:35:24+00:00\" \/>\n<meta name=\"twitter:card\" content=\"summary_large_image\" \/>\n<meta name=\"twitter:site\" content=\"@portbosphorus\" \/>\n<meta name=\"twitter:label1\" content=\"Est. reading time\" \/>\n\t<meta name=\"twitter:data1\" content=\"1 minute\" \/>\n<script type=\"application\/ld+json\" class=\"yoast-schema-graph\">{\"@context\":\"https:\\\/\\\/schema.org\",\"@graph\":[{\"@type\":\"WebPage\",\"@id\":\"https:\\\/\\\/portbosphorushotel.com\\\/toplanti-salonlari\\\/\",\"url\":\"https:\\\/\\\/portbosphorushotel.com\\\/toplanti-salonlari\\\/\",\"name\":\"Toplant\u0131 Salonlar\u0131 - Port Bosphorus Hotel\",\"isPartOf\":{\"@id\":\"https:\\\/\\\/portbosphorushotel.com\\\/tr\\\/#website\"},\"datePublished\":\"2023-06-11T20:49:39+00:00\",\"dateModified\":\"2025-06-18T14:35:24+00:00\",\"description\":\"meeting room is an enclosed space where people can come together to hold meetings, conduct discussions, or make presentations. These types of rooms can be found in business environments, educational institutions, government buildings, hotels, and various other organizations.\",\"breadcrumb\":{\"@id\":\"https:\\\/\\\/portbosphorushotel.com\\\/toplanti-salonlari\\\/#breadcrumb\"},\"inLanguage\":\"en-US\",\"potentialAction\":[{\"@type\":\"ReadAction\",\"target\":[\"https:\\\/\\\/portbosphorushotel.com\\\/toplanti-salonlari\\\/\"]}]},{\"@type\":\"BreadcrumbList\",\"@id\":\"https:\\\/\\\/portbosphorushotel.com\\\/toplanti-salonlari\\\/#breadcrumb\",\"itemListElement\":[{\"@type\":\"ListItem\",\"position\":1,\"name\":\"Anasayfa\",\"item\":\"https:\\\/\\\/portbosphorushotel.com\\\/tr\\\/\"},{\"@type\":\"ListItem\",\"position\":2,\"name\":\"Toplant\u0131 Salonlar\u0131\"}]},{\"@type\":\"WebSite\",\"@id\":\"https:\\\/\\\/portbosphorushotel.com\\\/tr\\\/#website\",\"url\":\"https:\\\/\\\/portbosphorushotel.com\\\/tr\\\/\",\"name\":\"Port Bosphorus Hotel\",\"description\":\"\",\"publisher\":{\"@id\":\"https:\\\/\\\/portbosphorushotel.com\\\/tr\\\/#organization\"},\"potentialAction\":[{\"@type\":\"SearchAction\",\"target\":{\"@type\":\"EntryPoint\",\"urlTemplate\":\"https:\\\/\\\/portbosphorushotel.com\\\/tr\\\/?s={search_term_string}\"},\"query-input\":{\"@type\":\"PropertyValueSpecification\",\"valueRequired\":true,\"valueName\":\"search_term_string\"}}],\"inLanguage\":\"en-US\"},{\"@type\":\"Organization\",\"@id\":\"https:\\\/\\\/portbosphorushotel.com\\\/tr\\\/#organization\",\"name\":\"Port Bosphorus Hotel\",\"url\":\"https:\\\/\\\/portbosphorushotel.com\\\/tr\\\/\",\"logo\":{\"@type\":\"ImageObject\",\"inLanguage\":\"en-US\",\"@id\":\"https:\\\/\\\/portbosphorushotel.com\\\/tr\\\/#\\\/schema\\\/logo\\\/image\\\/\",\"url\":\"https:\\\/\\\/portbosphorushotel.com\\\/wp-content\\\/uploads\\\/2023\\\/10\\\/cropped-p.png\",\"contentUrl\":\"https:\\\/\\\/portbosphorushotel.com\\\/wp-content\\\/uploads\\\/2023\\\/10\\\/cropped-p.png\",\"width\":512,\"height\":512,\"caption\":\"Port Bosphorus Hotel\"},\"image\":{\"@id\":\"https:\\\/\\\/portbosphorushotel.com\\\/tr\\\/#\\\/schema\\\/logo\\\/image\\\/\"},\"sameAs\":[\"https:\\\/\\\/www.facebook.com\\\/portbosphorushotel\",\"https:\\\/\\\/x.com\\\/portbosphorus\",\"https:\\\/\\\/www.instagram.com\\\/portbosphorushotel\\\/\"]}]}<\/script>\n<!-- \/ Yoast SEO plugin. -->","yoast_head_json":{"title":"Toplant\u0131 Salonlar\u0131 - Port Bosphorus Hotel","description":"meeting room is an enclosed space where people can come together to hold meetings, conduct discussions, or make presentations. These types of rooms can be found in business environments, educational institutions, government buildings, hotels, and various other organizations.","robots":{"index":"index","follow":"follow","max-snippet":"max-snippet:-1","max-image-preview":"max-image-preview:large","max-video-preview":"max-video-preview:-1"},"canonical":"https:\/\/portbosphorushotel.com\/en\/toplanti-salonlari\/","og_locale":"en_US","og_type":"article","og_title":"Toplant\u0131 Salonlar\u0131 - Port Bosphorus Hotel","og_description":"meeting room is an enclosed space where people can come together to hold meetings, conduct discussions, or make presentations. These types of rooms can be found in business environments, educational institutions, government buildings, hotels, and various other organizations.","og_url":"https:\/\/portbosphorushotel.com\/en\/toplanti-salonlari\/","og_site_name":"Port Bosphorus Hotel","article_publisher":"https:\/\/www.facebook.com\/portbosphorushotel","article_modified_time":"2025-06-18T14:35:24+00:00","twitter_card":"summary_large_image","twitter_site":"@portbosphorus","twitter_misc":{"Est. reading time":"1 minute"},"schema":{"@context":"https:\/\/schema.org","@graph":[{"@type":"WebPage","@id":"https:\/\/portbosphorushotel.com\/toplanti-salonlari\/","url":"https:\/\/portbosphorushotel.com\/toplanti-salonlari\/","name":"Toplant\u0131 Salonlar\u0131 - Port Bosphorus Hotel","isPartOf":{"@id":"https:\/\/portbosphorushotel.com\/tr\/#website"},"datePublished":"2023-06-11T20:49:39+00:00","dateModified":"2025-06-18T14:35:24+00:00","description":"meeting room is an enclosed space where people can come together to hold meetings, conduct discussions, or make presentations. These types of rooms can be found in business environments, educational institutions, government buildings, hotels, and various other organizations.","breadcrumb":{"@id":"https:\/\/portbosphorushotel.com\/toplanti-salonlari\/#breadcrumb"},"inLanguage":"en-US","potentialAction":[{"@type":"ReadAction","target":["https:\/\/portbosphorushotel.com\/toplanti-salonlari\/"]}]},{"@type":"BreadcrumbList","@id":"https:\/\/portbosphorushotel.com\/toplanti-salonlari\/#breadcrumb","itemListElement":[{"@type":"ListItem","position":1,"name":"Anasayfa","item":"https:\/\/portbosphorushotel.com\/tr\/"},{"@type":"ListItem","position":2,"name":"Toplant\u0131 Salonlar\u0131"}]},{"@type":"WebSite","@id":"https:\/\/portbosphorushotel.com\/tr\/#website","url":"https:\/\/portbosphorushotel.com\/tr\/","name":"Port Bosphorus Hotel","description":"","publisher":{"@id":"https:\/\/portbosphorushotel.com\/tr\/#organization"},"potentialAction":[{"@type":"SearchAction","target":{"@type":"EntryPoint","urlTemplate":"https:\/\/portbosphorushotel.com\/tr\/?s={search_term_string}"},"query-input":{"@type":"PropertyValueSpecification","valueRequired":true,"valueName":"search_term_string"}}],"inLanguage":"en-US"},{"@type":"Organization","@id":"https:\/\/portbosphorushotel.com\/tr\/#organization","name":"Port Bosphorus Hotel","url":"https:\/\/portbosphorushotel.com\/tr\/","logo":{"@type":"ImageObject","inLanguage":"en-US","@id":"https:\/\/portbosphorushotel.com\/tr\/#\/schema\/logo\/image\/","url":"https:\/\/portbosphorushotel.com\/wp-content\/uploads\/2023\/10\/cropped-p.png","contentUrl":"https:\/\/portbosphorushotel.com\/wp-content\/uploads\/2023\/10\/cropped-p.png","width":512,"height":512,"caption":"Port Bosphorus Hotel"},"image":{"@id":"https:\/\/portbosphorushotel.com\/tr\/#\/schema\/logo\/image\/"},"sameAs":["https:\/\/www.facebook.com\/portbosphorushotel","https:\/\/x.com\/portbosphorus","https:\/\/www.instagram.com\/portbosphorushotel\/"]}]}},"_links":{"self":[{"href":"https:\/\/portbosphorushotel.com\/en\/wp-json\/wp\/v2\/pages\/1681","targetHints":{"allow":["GET"]}}],"collection":[{"href":"https:\/\/portbosphorushotel.com\/en\/wp-json\/wp\/v2\/pages"}],"about":[{"href":"https:\/\/portbosphorushotel.com\/en\/wp-json\/wp\/v2\/types\/page"}],"author":[{"embeddable":true,"href":"https:\/\/portbosphorushotel.com\/en\/wp-json\/wp\/v2\/users\/4"}],"replies":[{"embeddable":true,"href":"https:\/\/portbosphorushotel.com\/en\/wp-json\/wp\/v2\/comments?post=1681"}],"version-history":[{"count":7,"href":"https:\/\/portbosphorushotel.com\/en\/wp-json\/wp\/v2\/pages\/1681\/revisions"}],"predecessor-version":[{"id":2371,"href":"https:\/\/portbosphorushotel.com\/en\/wp-json\/wp\/v2\/pages\/1681\/revisions\/2371"}],"wp:attachment":[{"href":"https:\/\/portbosphorushotel.com\/en\/wp-json\/wp\/v2\/media?parent=1681"}],"curies":[{"name":"wp","href":"https:\/\/api.w.org\/{rel}","templated":true}]}}