{"id":1679,"date":"2023-06-11T23:49:03","date_gmt":"2023-06-11T20:49:03","guid":{"rendered":"https:\/\/portbosphorushotel.com\/tr\/?page_id=1679"},"modified":"2025-06-18T17:32:14","modified_gmt":"2025-06-18T14:32:14","slug":"spa-merkezi","status":"publish","type":"page","link":"https:\/\/portbosphorushotel.com\/en\/spa-merkezi\/","title":{"rendered":"Spa"},"content":{"rendered":"<div class=\"container vc_container\" ><div class=\"vc_row wpb_row vc_row-fluid\"><div class=\"wpb_column vc_column_container vc_col-sm-12\">\n    <div class=\"vc_column-inner\">\n        <div class=\"wpb_wrapper\">\n            \n\t<div class=\"wpb_text_column wpb_content_element\" >\n\t\t<div class=\"wpb_wrapper\">\n\t\t\t<section class=\"block block--big\">\n<div class=\"container\">\n<div class=\"row\">\n<div class=\"col-lg-12\">\n<h2>Edda Spa<\/h2>\n<p>With its elegant design, it opens the doors to a healthy and natural lifestyle for you. Thanks to its special areas such as massage rooms, Turkish bath, steam room, and sauna, you can rejuvenate your body and mind and enjoy the privilege of pampering yourself.<\/p>\n<\/div>\n<\/div>\n<\/div>\n<\/section>\n\n\t\t<\/div>\n\t<\/div>\n        <\/div>\n    <\/div>\n<\/div><\/div><\/div><div class=\"container vc_container\" ><div class=\"vc_row wpb_row vc_row-fluid\"><div class=\"wpb_column vc_column_container vc_col-sm-12\">\n    <div class=\"vc_column-inner\">\n        <div class=\"wpb_wrapper\">\n            \n                <div class=\"stm_images_gallery_with_categories stm_images_gallery_with_categories_style_1\"\n                     data-size=\"350x240\"\n                     data-number=\"9\">\n                    <div class=\"stm-images__categories\">\n                        <ul class=\"list-unstyled\">\n                                                            <li class=\"stm-images__category\" role=\"presentation\">\n                                    <a href=\"#Allphotos\"\n                                       class=\"mbdc\"\n                                       aria-controls=\"Allphotos\"\n                                       role=\"tab\"\n                                       data-toggle=\"tab\">\n                                         All photos                                    <\/a>\n                                <\/li>\n                                                                <li class=\"stm-images__category\" role=\"presentation\">\n                                    <a href=\"#General\"\n                                       class=\"mbdc\"\n                                       aria-controls=\"General\"\n                                       role=\"tab\"\n                                       data-toggle=\"tab\">\n                                         General                                    <\/a>\n                                <\/li>\n                                                        <\/ul>\n                    <\/div>\n                    <div class=\"stm-images__tabs tab-content\">\n                                                        <div role=\"tabpanel\"\n                                     class=\"tab-pane stm-images__tab fade active in\"\n                                     id=\"Allphotos\"\n                                     data-load-more=\"true\"\n                                     data-page=\"1\"\n                                     data-images='1873,1872,1871,1870,1869'>\n                                    <div class=\"stm-images__container stm_lightgallery\">\n\n                                    <\/div>\n                                                                        <div class=\"stm-preloader mbc\"><\/div>\n                                <\/div>\n\n\n                                                            <div role=\"tabpanel\"\n                                     class=\"tab-pane stm-images__tab fade\"\n                                     id=\"General\"\n                                     data-load-more=\"true\"\n                                     data-page=\"1\"\n                                     data-images='1873,1872,1871,1870,1869'>\n                                    <div class=\"stm-images__container stm_lightgallery\">\n\n                                    <\/div>\n                                                                        <div class=\"stm-preloader mbc\"><\/div>\n                                <\/div>\n\n\n                                                <\/div>\n                <\/div>\n                    <\/div>\n    <\/div>\n<\/div><\/div><\/div>","protected":false},"excerpt":{"rendered":"Edda Spa Zarif tasar\u0131m\u0131yla, sa\u011fl\u0131kl\u0131 ve do\u011fal bir ya\u015fam tarz\u0131n\u0131n kap\u0131lar\u0131n\u0131 sizlere a\u00e7\u0131yor. Masaj odalar\u0131, T\u00fcrk Hamam\u0131, buhar odas\u0131 ve sauna gibi \u00f6zel alanlar\u0131 sayesinde bedeninizi ve zihninizi yeniden canland\u0131rabilir, kendinizi \u015f\u0131martma ayr\u0131cal\u0131\u011f\u0131n\u0131 ya\u015fayabilirsiniz. All photos General","protected":false},"author":4,"featured_media":0,"parent":0,"menu_order":0,"comment_status":"closed","ping_status":"closed","template":"","meta":{"footnotes":""},"class_list":["post-1679","page","type-page","status-publish","hentry"],"yoast_head":"<!-- This site is optimized with the Yoast SEO plugin v27.3 - https:\/\/yoast.com\/product\/yoast-seo-wordpress\/ -->\n<title>Spa - Port Bosphorus Hotel<\/title>\n<meta name=\"description\" content=\"Ready to unwind the stress of the day at our spa? We invite you to our spa for relaxing therapies, a luxurious atmosphere, and refreshing moments. Pamper yourself, relax, and recharge your energy.Port Bosphorus Hotel \u2013 modern and luxurious accommodation with Istanbul\u2019s unique Bosphorus view.Book now for spacious rooms, delicious cuisine, and unforgettable experiences, and start exploring the beauty of Istanbul.\" \/>\n<meta name=\"robots\" content=\"index, follow, max-snippet:-1, max-image-preview:large, max-video-preview:-1\" \/>\n<link rel=\"canonical\" href=\"https:\/\/portbosphorushotel.com\/en\/spa-merkezi\/\" \/>\n<meta property=\"og:locale\" content=\"en_US\" \/>\n<meta property=\"og:type\" content=\"article\" \/>\n<meta property=\"og:title\" content=\"Spa - Port Bosphorus Hotel\" \/>\n<meta property=\"og:description\" content=\"Ready to unwind the stress of the day at our spa? We invite you to our spa for relaxing therapies, a luxurious atmosphere, and refreshing moments. Pamper yourself, relax, and recharge your energy.Port Bosphorus Hotel \u2013 modern and luxurious accommodation with Istanbul\u2019s unique Bosphorus view.Book now for spacious rooms, delicious cuisine, and unforgettable experiences, and start exploring the beauty of Istanbul.\" \/>\n<meta property=\"og:url\" content=\"https:\/\/portbosphorushotel.com\/en\/spa-merkezi\/\" \/>\n<meta property=\"og:site_name\" content=\"Port Bosphorus Hotel\" \/>\n<meta property=\"article:publisher\" content=\"https:\/\/www.facebook.com\/portbosphorushotel\" \/>\n<meta property=\"article:modified_time\" content=\"2025-06-18T14:32:14+00:00\" \/>\n<meta name=\"twitter:card\" content=\"summary_large_image\" \/>\n<meta name=\"twitter:site\" content=\"@portbosphorus\" \/>\n<meta name=\"twitter:label1\" content=\"Est. reading time\" \/>\n\t<meta name=\"twitter:data1\" content=\"1 minute\" \/>\n<script type=\"application\/ld+json\" class=\"yoast-schema-graph\">{\"@context\":\"https:\\\/\\\/schema.org\",\"@graph\":[{\"@type\":\"WebPage\",\"@id\":\"https:\\\/\\\/portbosphorushotel.com\\\/spa-merkezi\\\/\",\"url\":\"https:\\\/\\\/portbosphorushotel.com\\\/spa-merkezi\\\/\",\"name\":\"Spa - Port Bosphorus Hotel\",\"isPartOf\":{\"@id\":\"https:\\\/\\\/portbosphorushotel.com\\\/tr\\\/#website\"},\"datePublished\":\"2023-06-11T20:49:03+00:00\",\"dateModified\":\"2025-06-18T14:32:14+00:00\",\"description\":\"Ready to unwind the stress of the day at our spa? We invite you to our spa for relaxing therapies, a luxurious atmosphere, and refreshing moments. Pamper yourself, relax, and recharge your energy.Port Bosphorus Hotel \u2013 modern and luxurious accommodation with Istanbul\u2019s unique Bosphorus view.Book now for spacious rooms, delicious cuisine, and unforgettable experiences, and start exploring the beauty of Istanbul.\",\"breadcrumb\":{\"@id\":\"https:\\\/\\\/portbosphorushotel.com\\\/spa-merkezi\\\/#breadcrumb\"},\"inLanguage\":\"en-US\",\"potentialAction\":[{\"@type\":\"ReadAction\",\"target\":[\"https:\\\/\\\/portbosphorushotel.com\\\/spa-merkezi\\\/\"]}]},{\"@type\":\"BreadcrumbList\",\"@id\":\"https:\\\/\\\/portbosphorushotel.com\\\/spa-merkezi\\\/#breadcrumb\",\"itemListElement\":[{\"@type\":\"ListItem\",\"position\":1,\"name\":\"Anasayfa\",\"item\":\"https:\\\/\\\/portbosphorushotel.com\\\/tr\\\/\"},{\"@type\":\"ListItem\",\"position\":2,\"name\":\"Spa\"}]},{\"@type\":\"WebSite\",\"@id\":\"https:\\\/\\\/portbosphorushotel.com\\\/tr\\\/#website\",\"url\":\"https:\\\/\\\/portbosphorushotel.com\\\/tr\\\/\",\"name\":\"Port Bosphorus Hotel\",\"description\":\"\",\"publisher\":{\"@id\":\"https:\\\/\\\/portbosphorushotel.com\\\/tr\\\/#organization\"},\"potentialAction\":[{\"@type\":\"SearchAction\",\"target\":{\"@type\":\"EntryPoint\",\"urlTemplate\":\"https:\\\/\\\/portbosphorushotel.com\\\/tr\\\/?s={search_term_string}\"},\"query-input\":{\"@type\":\"PropertyValueSpecification\",\"valueRequired\":true,\"valueName\":\"search_term_string\"}}],\"inLanguage\":\"en-US\"},{\"@type\":\"Organization\",\"@id\":\"https:\\\/\\\/portbosphorushotel.com\\\/tr\\\/#organization\",\"name\":\"Port Bosphorus Hotel\",\"url\":\"https:\\\/\\\/portbosphorushotel.com\\\/tr\\\/\",\"logo\":{\"@type\":\"ImageObject\",\"inLanguage\":\"en-US\",\"@id\":\"https:\\\/\\\/portbosphorushotel.com\\\/tr\\\/#\\\/schema\\\/logo\\\/image\\\/\",\"url\":\"https:\\\/\\\/portbosphorushotel.com\\\/wp-content\\\/uploads\\\/2023\\\/10\\\/cropped-p.png\",\"contentUrl\":\"https:\\\/\\\/portbosphorushotel.com\\\/wp-content\\\/uploads\\\/2023\\\/10\\\/cropped-p.png\",\"width\":512,\"height\":512,\"caption\":\"Port Bosphorus Hotel\"},\"image\":{\"@id\":\"https:\\\/\\\/portbosphorushotel.com\\\/tr\\\/#\\\/schema\\\/logo\\\/image\\\/\"},\"sameAs\":[\"https:\\\/\\\/www.facebook.com\\\/portbosphorushotel\",\"https:\\\/\\\/x.com\\\/portbosphorus\",\"https:\\\/\\\/www.instagram.com\\\/portbosphorushotel\\\/\"]}]}<\/script>\n<!-- \/ Yoast SEO plugin. -->","yoast_head_json":{"title":"Spa - Port Bosphorus Hotel","description":"Ready to unwind the stress of the day at our spa? We invite you to our spa for relaxing therapies, a luxurious atmosphere, and refreshing moments. Pamper yourself, relax, and recharge your energy.Port Bosphorus Hotel \u2013 modern and luxurious accommodation with Istanbul\u2019s unique Bosphorus view.Book now for spacious rooms, delicious cuisine, and unforgettable experiences, and start exploring the beauty of Istanbul.","robots":{"index":"index","follow":"follow","max-snippet":"max-snippet:-1","max-image-preview":"max-image-preview:large","max-video-preview":"max-video-preview:-1"},"canonical":"https:\/\/portbosphorushotel.com\/en\/spa-merkezi\/","og_locale":"en_US","og_type":"article","og_title":"Spa - Port Bosphorus Hotel","og_description":"Ready to unwind the stress of the day at our spa? We invite you to our spa for relaxing therapies, a luxurious atmosphere, and refreshing moments. Pamper yourself, relax, and recharge your energy.Port Bosphorus Hotel \u2013 modern and luxurious accommodation with Istanbul\u2019s unique Bosphorus view.Book now for spacious rooms, delicious cuisine, and unforgettable experiences, and start exploring the beauty of Istanbul.","og_url":"https:\/\/portbosphorushotel.com\/en\/spa-merkezi\/","og_site_name":"Port Bosphorus Hotel","article_publisher":"https:\/\/www.facebook.com\/portbosphorushotel","article_modified_time":"2025-06-18T14:32:14+00:00","twitter_card":"summary_large_image","twitter_site":"@portbosphorus","twitter_misc":{"Est. reading time":"1 minute"},"schema":{"@context":"https:\/\/schema.org","@graph":[{"@type":"WebPage","@id":"https:\/\/portbosphorushotel.com\/spa-merkezi\/","url":"https:\/\/portbosphorushotel.com\/spa-merkezi\/","name":"Spa - Port Bosphorus Hotel","isPartOf":{"@id":"https:\/\/portbosphorushotel.com\/tr\/#website"},"datePublished":"2023-06-11T20:49:03+00:00","dateModified":"2025-06-18T14:32:14+00:00","description":"Ready to unwind the stress of the day at our spa? We invite you to our spa for relaxing therapies, a luxurious atmosphere, and refreshing moments. Pamper yourself, relax, and recharge your energy.Port Bosphorus Hotel \u2013 modern and luxurious accommodation with Istanbul\u2019s unique Bosphorus view.Book now for spacious rooms, delicious cuisine, and unforgettable experiences, and start exploring the beauty of Istanbul.","breadcrumb":{"@id":"https:\/\/portbosphorushotel.com\/spa-merkezi\/#breadcrumb"},"inLanguage":"en-US","potentialAction":[{"@type":"ReadAction","target":["https:\/\/portbosphorushotel.com\/spa-merkezi\/"]}]},{"@type":"BreadcrumbList","@id":"https:\/\/portbosphorushotel.com\/spa-merkezi\/#breadcrumb","itemListElement":[{"@type":"ListItem","position":1,"name":"Anasayfa","item":"https:\/\/portbosphorushotel.com\/tr\/"},{"@type":"ListItem","position":2,"name":"Spa"}]},{"@type":"WebSite","@id":"https:\/\/portbosphorushotel.com\/tr\/#website","url":"https:\/\/portbosphorushotel.com\/tr\/","name":"Port Bosphorus Hotel","description":"","publisher":{"@id":"https:\/\/portbosphorushotel.com\/tr\/#organization"},"potentialAction":[{"@type":"SearchAction","target":{"@type":"EntryPoint","urlTemplate":"https:\/\/portbosphorushotel.com\/tr\/?s={search_term_string}"},"query-input":{"@type":"PropertyValueSpecification","valueRequired":true,"valueName":"search_term_string"}}],"inLanguage":"en-US"},{"@type":"Organization","@id":"https:\/\/portbosphorushotel.com\/tr\/#organization","name":"Port Bosphorus Hotel","url":"https:\/\/portbosphorushotel.com\/tr\/","logo":{"@type":"ImageObject","inLanguage":"en-US","@id":"https:\/\/portbosphorushotel.com\/tr\/#\/schema\/logo\/image\/","url":"https:\/\/portbosphorushotel.com\/wp-content\/uploads\/2023\/10\/cropped-p.png","contentUrl":"https:\/\/portbosphorushotel.com\/wp-content\/uploads\/2023\/10\/cropped-p.png","width":512,"height":512,"caption":"Port Bosphorus Hotel"},"image":{"@id":"https:\/\/portbosphorushotel.com\/tr\/#\/schema\/logo\/image\/"},"sameAs":["https:\/\/www.facebook.com\/portbosphorushotel","https:\/\/x.com\/portbosphorus","https:\/\/www.instagram.com\/portbosphorushotel\/"]}]}},"_links":{"self":[{"href":"https:\/\/portbosphorushotel.com\/en\/wp-json\/wp\/v2\/pages\/1679","targetHints":{"allow":["GET"]}}],"collection":[{"href":"https:\/\/portbosphorushotel.com\/en\/wp-json\/wp\/v2\/pages"}],"about":[{"href":"https:\/\/portbosphorushotel.com\/en\/wp-json\/wp\/v2\/types\/page"}],"author":[{"embeddable":true,"href":"https:\/\/portbosphorushotel.com\/en\/wp-json\/wp\/v2\/users\/4"}],"replies":[{"embeddable":true,"href":"https:\/\/portbosphorushotel.com\/en\/wp-json\/wp\/v2\/comments?post=1679"}],"version-history":[{"count":6,"href":"https:\/\/portbosphorushotel.com\/en\/wp-json\/wp\/v2\/pages\/1679\/revisions"}],"predecessor-version":[{"id":2356,"href":"https:\/\/portbosphorushotel.com\/en\/wp-json\/wp\/v2\/pages\/1679\/revisions\/2356"}],"wp:attachment":[{"href":"https:\/\/portbosphorushotel.com\/en\/wp-json\/wp\/v2\/media?parent=1679"}],"curies":[{"name":"wp","href":"https:\/\/api.w.org\/{rel}","templated":true}]}}