{"id":1556,"date":"2023-06-06T02:38:15","date_gmt":"2023-06-05T23:38:15","guid":{"rendered":"http:\/\/portbosphorushotel.com\/?page_id=1556"},"modified":"2025-10-21T11:23:37","modified_gmt":"2025-10-21T08:23:37","slug":"restaurant","status":"publish","type":"page","link":"https:\/\/portbosphorushotel.com\/en\/restaurant\/","title":{"rendered":"Restaurant"},"content":{"rendered":"<div class=\"container vc_container\" ><div class=\"vc_row wpb_row vc_row-fluid\"><div class=\"wpb_column vc_column_container vc_col-sm-12\">\n    <div class=\"vc_column-inner\">\n        <div class=\"wpb_wrapper\">\n            \n\t<div class=\"wpb_text_column wpb_content_element\" >\n\t\t<div class=\"wpb_wrapper\">\n\t\t\t<section class=\"block block--big\">\n<div class=\"container\">\n<div class=\"row\">\n<div class=\"col-lg-12\">\n<blockquote>\n<h2 style=\"text-align: center; font-size: 20px;\" class=\"translation-block\">SEAGULL KARAK\u00d6Y RESTAURANT IS WAITING FOR YOU TO EXPERIENCE THE MOST DELICIOUS FLAVORS OF WORLD CUISINE.<\/h2>\n<\/blockquote>\n<\/div>\n<\/div>\n<\/div>\n<\/section>\n\n\t\t<\/div>\n\t<\/div>\n\n\t<div class=\"wpb_text_column wpb_content_element\" >\n\t\t<div class=\"wpb_wrapper\">\n\t\t\t<p style=\"text-align: center;\">In our restaurant, where you can enjoy a rich open buffet breakfast and a magnificent Bosphorus view, wonderful experiences await you throughout the day with the warmth of Turkish cuisine and the variety of world cuisine. Text sample<\/p>\n\n\t\t<\/div>\n\t<\/div>\n        <\/div>\n    <\/div>\n<\/div><\/div><\/div><div class=\"container vc_container\" ><div class=\"vc_row wpb_row vc_row-fluid\"><div class=\"wpb_column vc_column_container vc_col-sm-12\">\n    <div class=\"vc_column-inner\">\n        <div class=\"wpb_wrapper\">\n            \n                <div class=\"stm_images_gallery_with_categories stm_images_gallery_with_categories_style_1\"\n                     data-size=\"350x240\"\n                     data-number=\"9\">\n                    <div class=\"stm-images__categories\">\n                        <ul class=\"list-unstyled\">\n                                                            <li class=\"stm-images__category\" role=\"presentation\">\n                                    <a href=\"#Allphotos\"\n                                       class=\"mbdc\"\n                                       aria-controls=\"Allphotos\"\n                                       role=\"tab\"\n                                       data-toggle=\"tab\">\n                                         All photos                                    <\/a>\n                                <\/li>\n                                                                <li class=\"stm-images__category\" role=\"presentation\">\n                                    <a href=\"#General\"\n                                       class=\"mbdc\"\n                                       aria-controls=\"General\"\n                                       role=\"tab\"\n                                       data-toggle=\"tab\">\n                                         General                                    <\/a>\n                                <\/li>\n                                                        <\/ul>\n                    <\/div>\n                    <div class=\"stm-images__tabs tab-content\">\n                                                        <div role=\"tabpanel\"\n                                     class=\"tab-pane stm-images__tab fade active in\"\n                                     id=\"Allphotos\"\n                                     data-load-more=\"true\"\n                                     data-page=\"1\"\n                                     data-images='1856,1857,1858,1859,1860,1861,1862,1863,1864,1865,1866,1867'>\n                                    <div class=\"stm-images__container stm_lightgallery\">\n\n                                    <\/div>\n                                                    <button class=\"btn btn_outline btn_primary stm-load-more\">\n                    Show more                <\/button>\n                                                <div class=\"stm-preloader mbc\"><\/div>\n                                <\/div>\n\n\n                                                            <div role=\"tabpanel\"\n                                     class=\"tab-pane stm-images__tab fade\"\n                                     id=\"General\"\n                                     data-load-more=\"true\"\n                                     data-page=\"1\"\n                                     data-images='1856,1857,1858,1859,1860,1861,1862,1863,1864,1865,1866,1867'>\n                                    <div class=\"stm-images__container stm_lightgallery\">\n\n                                    <\/div>\n                                                    <button class=\"btn btn_outline btn_primary stm-load-more\">\n                    Show more                <\/button>\n                                                <div class=\"stm-preloader mbc\"><\/div>\n                                <\/div>\n\n\n                                                <\/div>\n                <\/div>\n                    <\/div>\n    <\/div>\n<\/div><\/div><\/div><div class=\"container vc_container\" ><div class=\"vc_row wpb_row vc_row-fluid\"><div class=\"wpb_column vc_column_container vc_col-sm-12\">\n    <div class=\"vc_column-inner\">\n        <div class=\"wpb_wrapper\">\n            <div class=\"vc_empty_space\"   style=\"height: 32px\"><span class=\"vc_empty_space_inner\"><\/span><\/div><div class=\"vc_separator wpb_content_element vc_separator_align_center vc_sep_width_100 vc_sep_pos_align_center vc_separator_no_text vc_sep_color_grey\" ><span class=\"vc_sep_holder vc_sep_holder_l\"><span  class=\"vc_sep_line\"><\/span><\/span><span class=\"vc_sep_holder vc_sep_holder_r\"><span  class=\"vc_sep_line\"><\/span><\/span>\n<\/div>\n\t<div  class=\"wpb_single_image wpb_content_element vc_align_center\">\n\t\t<h2 class=\"wpb_heading wpb_singleimage_heading\">QR Menu<\/h2>\n\t\t<figure class=\"wpb_wrapper vc_figure\">\n\t\t\t<div class=\"vc_single_image-wrapper   vc_box_border_grey\"><img decoding=\"async\" width=\"150\" height=\"150\" src=\"https:\/\/portbosphorushotel.com\/wp-content\/uploads\/2025\/10\/frame-150x150.png\" class=\"vc_single_image-img attachment-thumbnail\" alt=\"\" srcset=\"https:\/\/portbosphorushotel.com\/wp-content\/uploads\/2025\/10\/frame-150x150.png 150w, https:\/\/portbosphorushotel.com\/wp-content\/uploads\/2025\/10\/frame-12x12.png 12w, https:\/\/portbosphorushotel.com\/wp-content\/uploads\/2025\/10\/frame-75x75.png 75w, https:\/\/portbosphorushotel.com\/wp-content\/uploads\/2025\/10\/frame.png 300w\" sizes=\"(max-width: 150px) 100vw, 150px\" \/><\/div>\n\t\t<\/figure>\n\t<\/div>\n        <\/div>\n    <\/div>\n<\/div><\/div><\/div><div class=\"container vc_container\" ><div class=\"vc_row wpb_row vc_row-fluid\"><div class=\"wpb_column vc_column_container vc_col-sm-12\">\n    <div class=\"vc_column-inner\">\n        <div class=\"wpb_wrapper\">\n                    <\/div>\n    <\/div>\n<\/div><\/div><\/div>","protected":false},"excerpt":{"rendered":"SEAGULL KARAK\u00d6Y RESTAURANT D\u00dcNYA MUTFA\u011eININ EN LEZ\u0130Z TATLARINI DENEY\u0130MLEMEN\u0130Z \u0130\u00c7\u0130N S\u0130ZLER\u0130 BEKLEMEKTED\u0130R. Zengin a\u00e7\u0131k b\u00fcfe kahvalt\u0131 keyfinize, muhte\u015fem bo\u011faz manzaras\u0131n\u0131n e\u015flik etti\u011fi restaurant\u0131m\u0131zda, T\u00fcrk mutfa\u011f\u0131n\u0131n s\u0131cakl\u0131\u011f\u0131 ve d\u00fcnya mutfa\u011f\u0131n\u0131n \u00e7e\u015fitlili\u011fi ile g\u00fcn boyu muhte\u015fem deneyimler sizleri beklemektedir. text sample All photos General Show more Show more QR Menu","protected":false},"author":4,"featured_media":0,"parent":0,"menu_order":0,"comment_status":"closed","ping_status":"closed","template":"","meta":{"footnotes":""},"class_list":["post-1556","page","type-page","status-publish","hentry"],"yoast_head":"<!-- This site is optimized with the Yoast SEO plugin v27.3 - https:\/\/yoast.com\/product\/yoast-seo-wordpress\/ -->\n<title>Restaurant - Port Bosphorus Hotel<\/title>\n<meta name=\"description\" content=\"The Port Bosphorus Hotel, which is a perfect choice for holding your meetings, gives you a perfect opportunity with its 3 divisible meeting halls, professional equipment, high-speed internet connection, modern audio and video systems.Surrounded by the vibrant and energetic atmosphere of Karak\u00f6y, the Port Bosphorus Hotel is located at a spot where you can feel the pulse of the business community. The Port Bosphorus Hotel, one of the most central locations in Istanbul, offers easy transportation, as well as a privileged experience for your guests.\" \/>\n<meta name=\"robots\" content=\"index, follow, max-snippet:-1, max-image-preview:large, max-video-preview:-1\" \/>\n<link rel=\"canonical\" href=\"https:\/\/portbosphorushotel.com\/en\/restaurant\/\" \/>\n<meta property=\"og:locale\" content=\"en_US\" \/>\n<meta property=\"og:type\" content=\"article\" \/>\n<meta property=\"og:title\" content=\"Restaurant - Port Bosphorus Hotel\" \/>\n<meta property=\"og:description\" content=\"The Port Bosphorus Hotel, which is a perfect choice for holding your meetings, gives you a perfect opportunity with its 3 divisible meeting halls, professional equipment, high-speed internet connection, modern audio and video systems.Surrounded by the vibrant and energetic atmosphere of Karak\u00f6y, the Port Bosphorus Hotel is located at a spot where you can feel the pulse of the business community. The Port Bosphorus Hotel, one of the most central locations in Istanbul, offers easy transportation, as well as a privileged experience for your guests.\" \/>\n<meta property=\"og:url\" content=\"https:\/\/portbosphorushotel.com\/en\/restaurant\/\" \/>\n<meta property=\"og:site_name\" content=\"Port Bosphorus Hotel\" \/>\n<meta property=\"article:publisher\" content=\"https:\/\/www.facebook.com\/portbosphorushotel\" \/>\n<meta property=\"article:modified_time\" content=\"2025-10-21T08:23:37+00:00\" \/>\n<meta name=\"twitter:card\" content=\"summary_large_image\" \/>\n<meta name=\"twitter:site\" content=\"@portbosphorus\" \/>\n<meta name=\"twitter:label1\" content=\"Est. reading time\" \/>\n\t<meta name=\"twitter:data1\" content=\"1 minute\" \/>\n<script type=\"application\/ld+json\" class=\"yoast-schema-graph\">{\"@context\":\"https:\\\/\\\/schema.org\",\"@graph\":[{\"@type\":\"WebPage\",\"@id\":\"https:\\\/\\\/portbosphorushotel.com\\\/restaurant\\\/\",\"url\":\"https:\\\/\\\/portbosphorushotel.com\\\/restaurant\\\/\",\"name\":\"Restaurant - Port Bosphorus Hotel\",\"isPartOf\":{\"@id\":\"https:\\\/\\\/portbosphorushotel.com\\\/tr\\\/#website\"},\"datePublished\":\"2023-06-05T23:38:15+00:00\",\"dateModified\":\"2025-10-21T08:23:37+00:00\",\"description\":\"The Port Bosphorus Hotel, which is a perfect choice for holding your meetings, gives you a perfect opportunity with its 3 divisible meeting halls, professional equipment, high-speed internet connection, modern audio and video systems.Surrounded by the vibrant and energetic atmosphere of Karak\u00f6y, the Port Bosphorus Hotel is located at a spot where you can feel the pulse of the business community. The Port Bosphorus Hotel, one of the most central locations in Istanbul, offers easy transportation, as well as a privileged experience for your guests.\",\"breadcrumb\":{\"@id\":\"https:\\\/\\\/portbosphorushotel.com\\\/restaurant\\\/#breadcrumb\"},\"inLanguage\":\"en-US\",\"potentialAction\":[{\"@type\":\"ReadAction\",\"target\":[\"https:\\\/\\\/portbosphorushotel.com\\\/restaurant\\\/\"]}]},{\"@type\":\"BreadcrumbList\",\"@id\":\"https:\\\/\\\/portbosphorushotel.com\\\/restaurant\\\/#breadcrumb\",\"itemListElement\":[{\"@type\":\"ListItem\",\"position\":1,\"name\":\"Anasayfa\",\"item\":\"https:\\\/\\\/portbosphorushotel.com\\\/tr\\\/\"},{\"@type\":\"ListItem\",\"position\":2,\"name\":\"Restaurant\"}]},{\"@type\":\"WebSite\",\"@id\":\"https:\\\/\\\/portbosphorushotel.com\\\/tr\\\/#website\",\"url\":\"https:\\\/\\\/portbosphorushotel.com\\\/tr\\\/\",\"name\":\"Port Bosphorus Hotel\",\"description\":\"\",\"publisher\":{\"@id\":\"https:\\\/\\\/portbosphorushotel.com\\\/tr\\\/#organization\"},\"potentialAction\":[{\"@type\":\"SearchAction\",\"target\":{\"@type\":\"EntryPoint\",\"urlTemplate\":\"https:\\\/\\\/portbosphorushotel.com\\\/tr\\\/?s={search_term_string}\"},\"query-input\":{\"@type\":\"PropertyValueSpecification\",\"valueRequired\":true,\"valueName\":\"search_term_string\"}}],\"inLanguage\":\"en-US\"},{\"@type\":\"Organization\",\"@id\":\"https:\\\/\\\/portbosphorushotel.com\\\/tr\\\/#organization\",\"name\":\"Port Bosphorus Hotel\",\"url\":\"https:\\\/\\\/portbosphorushotel.com\\\/tr\\\/\",\"logo\":{\"@type\":\"ImageObject\",\"inLanguage\":\"en-US\",\"@id\":\"https:\\\/\\\/portbosphorushotel.com\\\/tr\\\/#\\\/schema\\\/logo\\\/image\\\/\",\"url\":\"https:\\\/\\\/portbosphorushotel.com\\\/wp-content\\\/uploads\\\/2023\\\/10\\\/cropped-p.png\",\"contentUrl\":\"https:\\\/\\\/portbosphorushotel.com\\\/wp-content\\\/uploads\\\/2023\\\/10\\\/cropped-p.png\",\"width\":512,\"height\":512,\"caption\":\"Port Bosphorus Hotel\"},\"image\":{\"@id\":\"https:\\\/\\\/portbosphorushotel.com\\\/tr\\\/#\\\/schema\\\/logo\\\/image\\\/\"},\"sameAs\":[\"https:\\\/\\\/www.facebook.com\\\/portbosphorushotel\",\"https:\\\/\\\/x.com\\\/portbosphorus\",\"https:\\\/\\\/www.instagram.com\\\/portbosphorushotel\\\/\"]}]}<\/script>\n<!-- \/ Yoast SEO plugin. -->","yoast_head_json":{"title":"Restaurant - Port Bosphorus Hotel","description":"The Port Bosphorus Hotel, which is a perfect choice for holding your meetings, gives you a perfect opportunity with its 3 divisible meeting halls, professional equipment, high-speed internet connection, modern audio and video systems.Surrounded by the vibrant and energetic atmosphere of Karak\u00f6y, the Port Bosphorus Hotel is located at a spot where you can feel the pulse of the business community. The Port Bosphorus Hotel, one of the most central locations in Istanbul, offers easy transportation, as well as a privileged experience for your guests.","robots":{"index":"index","follow":"follow","max-snippet":"max-snippet:-1","max-image-preview":"max-image-preview:large","max-video-preview":"max-video-preview:-1"},"canonical":"https:\/\/portbosphorushotel.com\/en\/restaurant\/","og_locale":"en_US","og_type":"article","og_title":"Restaurant - Port Bosphorus Hotel","og_description":"The Port Bosphorus Hotel, which is a perfect choice for holding your meetings, gives you a perfect opportunity with its 3 divisible meeting halls, professional equipment, high-speed internet connection, modern audio and video systems.Surrounded by the vibrant and energetic atmosphere of Karak\u00f6y, the Port Bosphorus Hotel is located at a spot where you can feel the pulse of the business community. The Port Bosphorus Hotel, one of the most central locations in Istanbul, offers easy transportation, as well as a privileged experience for your guests.","og_url":"https:\/\/portbosphorushotel.com\/en\/restaurant\/","og_site_name":"Port Bosphorus Hotel","article_publisher":"https:\/\/www.facebook.com\/portbosphorushotel","article_modified_time":"2025-10-21T08:23:37+00:00","twitter_card":"summary_large_image","twitter_site":"@portbosphorus","twitter_misc":{"Est. reading time":"1 minute"},"schema":{"@context":"https:\/\/schema.org","@graph":[{"@type":"WebPage","@id":"https:\/\/portbosphorushotel.com\/restaurant\/","url":"https:\/\/portbosphorushotel.com\/restaurant\/","name":"Restaurant - Port Bosphorus Hotel","isPartOf":{"@id":"https:\/\/portbosphorushotel.com\/tr\/#website"},"datePublished":"2023-06-05T23:38:15+00:00","dateModified":"2025-10-21T08:23:37+00:00","description":"The Port Bosphorus Hotel, which is a perfect choice for holding your meetings, gives you a perfect opportunity with its 3 divisible meeting halls, professional equipment, high-speed internet connection, modern audio and video systems.Surrounded by the vibrant and energetic atmosphere of Karak\u00f6y, the Port Bosphorus Hotel is located at a spot where you can feel the pulse of the business community. The Port Bosphorus Hotel, one of the most central locations in Istanbul, offers easy transportation, as well as a privileged experience for your guests.","breadcrumb":{"@id":"https:\/\/portbosphorushotel.com\/restaurant\/#breadcrumb"},"inLanguage":"en-US","potentialAction":[{"@type":"ReadAction","target":["https:\/\/portbosphorushotel.com\/restaurant\/"]}]},{"@type":"BreadcrumbList","@id":"https:\/\/portbosphorushotel.com\/restaurant\/#breadcrumb","itemListElement":[{"@type":"ListItem","position":1,"name":"Anasayfa","item":"https:\/\/portbosphorushotel.com\/tr\/"},{"@type":"ListItem","position":2,"name":"Restaurant"}]},{"@type":"WebSite","@id":"https:\/\/portbosphorushotel.com\/tr\/#website","url":"https:\/\/portbosphorushotel.com\/tr\/","name":"Port Bosphorus Hotel","description":"","publisher":{"@id":"https:\/\/portbosphorushotel.com\/tr\/#organization"},"potentialAction":[{"@type":"SearchAction","target":{"@type":"EntryPoint","urlTemplate":"https:\/\/portbosphorushotel.com\/tr\/?s={search_term_string}"},"query-input":{"@type":"PropertyValueSpecification","valueRequired":true,"valueName":"search_term_string"}}],"inLanguage":"en-US"},{"@type":"Organization","@id":"https:\/\/portbosphorushotel.com\/tr\/#organization","name":"Port Bosphorus Hotel","url":"https:\/\/portbosphorushotel.com\/tr\/","logo":{"@type":"ImageObject","inLanguage":"en-US","@id":"https:\/\/portbosphorushotel.com\/tr\/#\/schema\/logo\/image\/","url":"https:\/\/portbosphorushotel.com\/wp-content\/uploads\/2023\/10\/cropped-p.png","contentUrl":"https:\/\/portbosphorushotel.com\/wp-content\/uploads\/2023\/10\/cropped-p.png","width":512,"height":512,"caption":"Port Bosphorus Hotel"},"image":{"@id":"https:\/\/portbosphorushotel.com\/tr\/#\/schema\/logo\/image\/"},"sameAs":["https:\/\/www.facebook.com\/portbosphorushotel","https:\/\/x.com\/portbosphorus","https:\/\/www.instagram.com\/portbosphorushotel\/"]}]}},"_links":{"self":[{"href":"https:\/\/portbosphorushotel.com\/en\/wp-json\/wp\/v2\/pages\/1556","targetHints":{"allow":["GET"]}}],"collection":[{"href":"https:\/\/portbosphorushotel.com\/en\/wp-json\/wp\/v2\/pages"}],"about":[{"href":"https:\/\/portbosphorushotel.com\/en\/wp-json\/wp\/v2\/types\/page"}],"author":[{"embeddable":true,"href":"https:\/\/portbosphorushotel.com\/en\/wp-json\/wp\/v2\/users\/4"}],"replies":[{"embeddable":true,"href":"https:\/\/portbosphorushotel.com\/en\/wp-json\/wp\/v2\/comments?post=1556"}],"version-history":[{"count":77,"href":"https:\/\/portbosphorushotel.com\/en\/wp-json\/wp\/v2\/pages\/1556\/revisions"}],"predecessor-version":[{"id":2550,"href":"https:\/\/portbosphorushotel.com\/en\/wp-json\/wp\/v2\/pages\/1556\/revisions\/2550"}],"wp:attachment":[{"href":"https:\/\/portbosphorushotel.com\/en\/wp-json\/wp\/v2\/media?parent=1556"}],"curies":[{"name":"wp","href":"https:\/\/api.w.org\/{rel}","templated":true}]}}